{"id":12615,"date":"2023-02-13T20:39:08","date_gmt":"2023-02-13T19:39:08","guid":{"rendered":"https:\/\/www.museebolo.ch\/?page_id=12615"},"modified":"2024-01-28T16:04:45","modified_gmt":"2024-01-28T15:04:45","slug":"memoires-vives","status":"publish","type":"page","link":"https:\/\/www.museebolo.ch\/en\/memoires-vives\/","title":{"rendered":"M\u00e9moires vives"},"content":{"rendered":"<div class=\"wpb-content-wrapper\"><p>[vc_row][vc_column column_width_percent=&#8221;100&#8243; gutter_size=&#8221;3&#8243; overlay_alpha=&#8221;50&#8243; shift_x=&#8221;0&#8243; shift_y=&#8221;0&#8243; shift_y_down=&#8221;0&#8243; z_index=&#8221;0&#8243; medium_width=&#8221;0&#8243; mobile_width=&#8221;0&#8243; width=&#8221;1\/1&#8243;][vc_custom_heading text_color=&#8221;color-195201&#8243; heading_semantic=&#8221;h1&#8243; text_font=&#8221;font-165139&#8243; text_size=&#8221;h1&#8243; text_weight=&#8221;600&#8243; text_transform=&#8221;uppercase&#8221; separator=&#8221;yes&#8221; separator_color=&#8221;yes&#8221; el_class=&#8221;T_Lead&#8221; uncode_shortcode_id=&#8221;121955&#8243; text_color_type=&#8221;uncode-palette&#8221;]M\u00e9moires vives[\/vc_custom_heading][vc_row_inner limit_content=&#8221;&#8221;][vc_column_inner width=&#8221;3\/4&#8243;][vc_column_text uncode_shortcode_id=&#8221;134538&#8243;]<\/p>\n<h2>Une exploratrice au mus\u00e9e<\/h2>\n<p>Un irr\u00e9pressible besoin de mieux comprendre le monde num\u00e9rique dans lequel nous vivons m\u2019a conduit il y a quelques ann\u00e9es \u00e0 m\u2019int\u00e9resser aux technologies qui le sous-tendent, et transforment profond\u00e9ment notre soci\u00e9t\u00e9.<\/p>\n<p>Ancienne avocate, docteur en droit et data scientist, j\u2019ai \u00e0 c\u0153ur de rendre accessibles \u00e0 toutes et tous certaines notions techniques, de b\u00e2tir des ponts entre le domaine technologique et les humanit\u00e9s.<\/p>\n<p>La rencontre en octobre 2020 avec Jean-Daniel Nicoud lors d\u2019un atelier \u00ablogidules\u00bb \u00e0 l\u2019EPFL (unique condition: avoir 12 ans!) a \u00e9t\u00e9 l\u2019\u00e9tincelle de la naissance de <em>M\u00e9moires vives<\/em>, quelques ann\u00e9es plus tard. Une premi\u00e8re interview du dynamique pionnier de la micro-informatique, des partages et \u00e9changes avec les b\u00e9n\u00e9voles passionn\u00e9s et passionnants du Mus\u00e9e Bolo, des articles, d\u2019autres interviews, afin de mettre en lumi\u00e8re ces pionniers de l\u2019ombre qui ont contribu\u00e9 \u00e0 l\u2019histoire de l\u2019informatique en Suisse, aboutissent aujourd\u2019hui \u00e0 cette page <em>M\u00e9moires vives<\/em> sur laquelle je vous souhaite la bienvenue.<\/p>\n<p>Excellente lecture, avant ou apr\u00e8s une visite au Mus\u00e9e Bolo![\/vc_column_text][\/vc_column_inner][vc_column_inner width=&#8221;1\/4&#8243;][vc_single_image media=&#8221;12550&#8243; media_width_use_pixel=&#8221;yes&#8221; uncode_shortcode_id=&#8221;175676&#8243; media_width_pixel=&#8221;400&#8243;][uncode_list icon=&#8221;fa fa-arrow-right3&#8243; icon_color=&#8221;color-195201&#8243; uncode_shortcode_id=&#8221;142684&#8243; icon_color_type=&#8221;uncode-palette&#8221;]<\/p>\n<h3>Anne-Sylvie Weinmann<\/h3>\n<ul>\n<li><a href=\"https:\/\/www.medialien.ch\/blog-numerique-droit-2-digital-law-2-fr170.html\" target=\"_blank\" rel=\"noopener\">Blog MediaLien<\/a><\/li>\n<\/ul>\n<p>[\/uncode_list][\/vc_column_inner][\/vc_row_inner][vc_separator sep_color=&#8221;color-206210&#8243;][vc_custom_heading 1=&#8221;rel=&#8220;&#8220;noopener&#8220;&#8221; 2=&#8221;noopener&#8220;&gt;Blog&#8221; 3=&#8221;MediaLien&#8220;&#8221; sub_reduced=&#8221;yes&#8221; uncode_shortcode_id=&#8221;435840&#8243; href=&#8221;\/\/www.medialien.ch\/&#8220;&#8221; target=&#8221;&#8220;_blank&#8220;&#8221;]Portraits[\/vc_custom_heading][uncode_index el_id=&#8221;index-492060&#8243; isotope_mode=&#8221;fitRows&#8221; loop=&#8221;size:all|order_by:date|post_type:portfolio|tax_query:-334,335|taxonomy_count:10&#8243; screen_lg=&#8221;1000&#8243; screen_md=&#8221;600&#8243; screen_sm=&#8221;480&#8243; gutter_size=&#8221;3&#8243; post_items=&#8221;media|featured|onpost|original,title,date&#8221; portfolio_items=&#8221;media|featured|onpost|original,title,date&#8221; images_size=&#8221;four-three&#8221; single_overlay_opacity=&#8221;50&#8243; single_text_anim=&#8221;no&#8221; single_padding=&#8221;2&#8243; single_border=&#8221;yes&#8221; uncode_shortcode_id=&#8221;426592&#8243;][vc_separator sep_color=&#8221;color-206210&#8243;][vc_custom_heading 1=&#8221;rel=&#8220;&#8220;noopener&#8220;&#8221; 2=&#8221;noopener&#8220;&gt;Blog&#8221; 3=&#8221;MediaLien&#8220;&#8221; sub_reduced=&#8221;yes&#8221; uncode_shortcode_id=&#8221;230354&#8243; href=&#8221;\/\/www.medialien.ch\/&#8220;&#8221; target=&#8221;&#8220;_blank&#8220;&#8221;]Articles[\/vc_custom_heading][uncode_index el_id=&#8221;index-492070&#8243; isotope_mode=&#8221;fitRows&#8221; loop=&#8221;size:all|order_by:date|post_type:portfolio|tax_query:334,-335|taxonomy_count:10&#8243; screen_lg=&#8221;1000&#8243; screen_md=&#8221;600&#8243; screen_sm=&#8221;480&#8243; gutter_size=&#8221;3&#8243; post_items=&#8221;media|featured|onpost|original,title,date&#8221; portfolio_items=&#8221;media|featured|onpost|original,title,date&#8221; images_size=&#8221;four-three&#8221; single_overlay_opacity=&#8221;50&#8243; single_text_anim=&#8221;no&#8221; single_padding=&#8221;2&#8243; single_border=&#8221;yes&#8221; uncode_shortcode_id=&#8221;142235&#8243;][\/vc_column][\/vc_row][vc_row][vc_column width=&#8221;1\/1&#8243;][uncode_block id=&#8221;746&#8243;][\/vc_column][\/vc_row]<\/p>\n<\/div>","protected":false},"excerpt":{"rendered":"<p>[vc_row][vc_column column_width_percent=&#8221;100&#8243; gutter_size=&#8221;3&#8243; overlay_alpha=&#8221;50&#8243; shift_x=&#8221;0&#8243; shift_y=&#8221;0&#8243; shift_y_down=&#8221;0&#8243; z_index=&#8221;0&#8243; medium_width=&#8221;0&#8243; mobile_width=&#8221;0&#8243; width=&#8221;1\/1&#8243;][vc_custom_heading text_color=&#8221;color-195201&#8243; heading_semantic=&#8221;h1&#8243; text_font=&#8221;font-165139&#8243; text_size=&#8221;h1&#8243; text_weight=&#8221;600&#8243; text_transform=&#8221;uppercase&#8221; separator=&#8221;yes&#8221; separator_color=&#8221;yes&#8221; el_class=&#8221;T_Lead&#8221; [&hellip;]<\/p>\n","protected":false},"author":16,"featured_media":0,"parent":0,"menu_order":0,"comment_status":"closed","ping_status":"closed","template":"","meta":{"footnotes":""},"class_list":["post-12615","page","type-page","status-publish","hentry"],"_links":{"self":[{"href":"https:\/\/www.museebolo.ch\/en\/wp-json\/wp\/v2\/pages\/12615","targetHints":{"allow":["GET"]}}],"collection":[{"href":"https:\/\/www.museebolo.ch\/en\/wp-json\/wp\/v2\/pages"}],"about":[{"href":"https:\/\/www.museebolo.ch\/en\/wp-json\/wp\/v2\/types\/page"}],"author":[{"embeddable":true,"href":"https:\/\/www.museebolo.ch\/en\/wp-json\/wp\/v2\/users\/16"}],"replies":[{"embeddable":true,"href":"https:\/\/www.museebolo.ch\/en\/wp-json\/wp\/v2\/comments?post=12615"}],"version-history":[{"count":10,"href":"https:\/\/www.museebolo.ch\/en\/wp-json\/wp\/v2\/pages\/12615\/revisions"}],"predecessor-version":[{"id":14918,"href":"https:\/\/www.museebolo.ch\/en\/wp-json\/wp\/v2\/pages\/12615\/revisions\/14918"}],"wp:attachment":[{"href":"https:\/\/www.museebolo.ch\/en\/wp-json\/wp\/v2\/media?parent=12615"}],"curies":[{"name":"wp","href":"https:\/\/api.w.org\/{rel}","templated":true}]}}