{"id":12969,"date":"2023-06-22T13:22:27","date_gmt":"2023-06-22T11:22:27","guid":{"rendered":"https:\/\/www.museebolo.ch\/?page_id=12969"},"modified":"2024-10-11T14:45:38","modified_gmt":"2024-10-11T12:45:38","slug":"past-exhibitions","status":"publish","type":"page","link":"https:\/\/www.museebolo.ch\/en\/exhibitions\/past-exhibitions\/","title":{"rendered":"Past exhibitions"},"content":{"rendered":"<div class=\"wpb-content-wrapper\"><p>[vc_row][vc_column width=&#8221;1\/1&#8243;][vc_custom_heading text_color=&#8221;color-195201&#8243; heading_semantic=&#8221;h1&#8243; text_font=&#8221;font-165139&#8243; text_size=&#8221;h1&#8243; text_weight=&#8221;600&#8243; text_transform=&#8221;uppercase&#8221; separator_color=&#8221;yes&#8221; separator=&#8221;yes&#8221; el_class=&#8221;T_Lead&#8221; uncode_shortcode_id=&#8221;354613&#8243; text_color_type=&#8221;uncode-palette&#8221;]Past exhibitions[\/vc_custom_heading][vc_row_inner limit_content=&#8221;&#8221;][vc_column_inner width=&#8221;2\/3&#8243;][vc_column_text uncode_shortcode_id=&#8221;646217&#8243;]<\/p>\n<h2>#003<br \/>\nSeymour Cray, the Superman of supercomputers<\/h2>\n<h3>2022-2024<\/h3>\n<p>[\/vc_column_text][vc_column_text uncode_shortcode_id=&#8221;785462&#8243;]<\/p>\n<div class=\"uncode_text_column\">\n<p>The Cray X-MP\/48, once used at CERN, as well as the Cray-1S, the first Cray supercomputer installed in Switzerland at the EPFL Computing Center, have joined Mus\u00e9e Bolo next to the Cray-2 and the Cray T3D.<\/p>\n<p>These pieces have an important historical value in Switzerland and in the world. They are the ancestors of our microcomputers\u2026 Today, we all have a smartphone in our pocket that has a computing power equivalent or even superior to these machines. But what is the story behind this small screen, behind its memories and processors? What is the link between these two machines? What are the anecdotes linked to these objects? This is what Mus\u00e9e Bolo wants its visitors to discover.<\/p>\n<p>These incredible and uniquely designed machines have been restored, thanks to the precious support of our partners and sponsors.<\/p>\n<\/div>\n<p>[\/vc_column_text][vc_button button_color=&#8221;color-195201&#8243; outline=&#8221;yes&#8221; border_width=&#8221;0&#8243; link=&#8221;url:https%3A%2F%2Fwww.museebolo.ch%2Fen%2Fexhibitions%2Ftemporary-exhibition-cray%2F|title:Accessible|target:_blank&#8221; button_color_type=&#8221;uncode-palette&#8221; uncode_shortcode_id=&#8221;170707&#8243;]More[\/vc_button][\/vc_column_inner][vc_column_inner width=&#8221;1\/3&#8243;][vc_single_image media=&#8221;13139&#8243; media_width_percent=&#8221;100&#8243; uncode_shortcode_id=&#8221;127671&#8243;][\/vc_column_inner][\/vc_row_inner][vc_separator sep_color=&#8221;color-206210&#8243; uncode_shortcode_id=&#8221;141752&#8243; sep_color_type=&#8221;uncode-palette&#8221; el_height=&#8221;1&#8243;][vc_row_inner limit_content=&#8221;&#8221;][vc_column_inner width=&#8221;2\/3&#8243;][vc_column_text uncode_shortcode_id=&#8221;166850&#8243;]<\/p>\n<h2>#002<br \/>\nAccessible<\/h2>\n<h3>2020-2022<\/h3>\n<p>[\/vc_column_text][vc_column_text uncode_shortcode_id=&#8221;155709&#8243;]L\u2019exposition Accessible montre une face m\u00e9connue de l\u2019informatique, une informatique utile et bienveillante offrant une aide pr\u00e9cieuse. Du Telescrit \u00e0 la synth\u00e8se vocale en passant par le clavier visuel, nombreuses sont les inventions, am\u00e9lior\u00e9es au fil des ann\u00e9es, utilis\u00e9es par des personnes avec un handicap auditif, visuel ou moteur. \u00c0 travers trois portraits, d\u00e9couvrez le quotidien technologique de ces personnes handicap\u00e9es.[\/vc_column_text][vc_button button_color=&#8221;color-195201&#8243; outline=&#8221;yes&#8221; border_width=&#8221;0&#8243; link=&#8221;url:https%3A%2F%2Faccessible.museebolo.ch%2F|title:Accessible|target:_blank&#8221; button_color_type=&#8221;uncode-palette&#8221; uncode_shortcode_id=&#8221;137696&#8243;]More[\/vc_button][\/vc_column_inner][vc_column_inner width=&#8221;1\/3&#8243;][vc_single_image media=&#8221;7097&#8243; media_width_percent=&#8221;100&#8243; uncode_shortcode_id=&#8221;554109&#8243;][\/vc_column_inner][\/vc_row_inner][vc_separator sep_color=&#8221;color-206210&#8243; uncode_shortcode_id=&#8221;141752&#8243; sep_color_type=&#8221;uncode-palette&#8221; el_height=&#8221;1&#8243;][vc_row_inner limit_content=&#8221;&#8221;][vc_column_inner width=&#8221;2\/3&#8243;][vc_column_text uncode_shortcode_id=&#8221;127385&#8243;]<\/p>\n<h2>#001<br \/>\nCircuits du Japon<\/h2>\n<h3>2019<\/h3>\n<p>[\/vc_column_text][vc_column_text uncode_shortcode_id=&#8221;362451&#8243;]Avec Circuits du Japon, le Mus\u00e9e Bolo pr\u00e9sente un voyage sur les pistes de l\u2019archipel \u00e9lectronique: du \u30b3\u30f3\u30d4\u30e5\u30fc\u30bf (konpy\u016bta) au \u30c6\u30ec\u30d3\u30b2\u30fc\u30e0 (terebig\u0113mu) en passant par l\u2019\u30a8\u30ec\u30af\u30c8\u30ed\u30cb\u30c3\u30af (erekutoronikku), d\u00e9couvrez ces m\u00e9moires du Japon \u00e0 travers une exposition temporaire et in\u00e9dite sp\u00e9cialement con\u00e7ue pour Japan Impact 2019.<\/p>\n<p>Plus d\u2019une centaine d\u2019objets rem\u00e9more l\u2019histoire de la micro-informatique japonaise. La s\u00e9lection s\u2019est port\u00e9e sur un m\u00e9lange d\u2019objets embl\u00e9matiques et d\u2019autres moins connus. Les machines et les pi\u00e8ces sont regroup\u00e9es par th\u00e8me:<\/p>\n<ul>\n<li>Micro-ordinateurs japonais (FM TOWNS, MSX, Sharp, Fujitsu)<\/li>\n<li>Jeux vid\u00e9o du Fonds Bruno Bonnell en version japonaise<\/li>\n<li>La console de jeux vid\u00e9o NEC PC Engine<\/li>\n<li>Calculatrices, micro-\u00e9lectronique et divers jeux \u00e9lectroniques comme les Nintendo Game &amp; Watch<\/li>\n<li>S\u00e9lection de diff\u00e9rents support de stockage comme les disquettes, disques ou les cassettes<\/li>\n<li>Pok\u00e9mania: jeux, consoles et accessoires li\u00e9s \u00e0 la franchise Pok\u00e9mon<\/li>\n<\/ul>\n<p>Les n\u00e9ophytes d\u00e9couvrirons l\u2019univers vid\u00e9oludique des micro-ordinateurs FM TOWNS et MSX. Les nostalgiques retrouveront les fameux Game &amp; Watch de Nintendo. Les fanatiques de \u00abPok\u00e9mons\u00bb pourront admirer des \u00e9ditions sp\u00e9ciales de consoles et de jeux Pikachu.[\/vc_column_text][vc_button button_color=&#8221;color-195201&#8243; outline=&#8221;yes&#8221; border_width=&#8221;0&#8243; link=&#8221;url:https%3A%2F%2Fcdj.museebolo.ch%2F|title:Accessible|target:_blank&#8221; button_color_type=&#8221;uncode-palette&#8221; uncode_shortcode_id=&#8221;889507&#8243;]More[\/vc_button][\/vc_column_inner][vc_column_inner width=&#8221;1\/3&#8243;][vc_single_image media=&#8221;5827&#8243; media_width_percent=&#8221;100&#8243; border=&#8221;yes&#8221; uncode_shortcode_id=&#8221;169882&#8243;][vc_single_image media=&#8221;6136&#8243; media_width_percent=&#8221;100&#8243;][\/vc_column_inner][\/vc_row_inner][\/vc_column][\/vc_row][vc_row][vc_column width=&#8221;1\/1&#8243;][uncode_block id=&#8221;5800&#8243;][\/vc_column][\/vc_row]<\/p>\n<\/div>","protected":false},"excerpt":{"rendered":"<p>[vc_row][vc_column width=&#8221;1\/1&#8243;][vc_custom_heading text_color=&#8221;color-195201&#8243; heading_semantic=&#8221;h1&#8243; text_font=&#8221;font-165139&#8243; text_size=&#8221;h1&#8243; text_weight=&#8221;600&#8243; text_transform=&#8221;uppercase&#8221; separator_color=&#8221;yes&#8221; separator=&#8221;yes&#8221; el_class=&#8221;T_Lead&#8221; uncode_shortcode_id=&#8221;354613&#8243; text_color_type=&#8221;uncode-palette&#8221;]Past exhibitions[\/vc_custom_heading][vc_row_inner limit_content=&#8221;&#8221;][vc_column_inner width=&#8221;2\/3&#8243;][vc_column_text uncode_shortcode_id=&#8221;646217&#8243;] #003 Seymour Cray, [&hellip;]<\/p>\n","protected":false},"author":16,"featured_media":0,"parent":7468,"menu_order":0,"comment_status":"closed","ping_status":"closed","template":"","meta":{"footnotes":""},"class_list":["post-12969","page","type-page","status-publish","hentry"],"_links":{"self":[{"href":"https:\/\/www.museebolo.ch\/en\/wp-json\/wp\/v2\/pages\/12969","targetHints":{"allow":["GET"]}}],"collection":[{"href":"https:\/\/www.museebolo.ch\/en\/wp-json\/wp\/v2\/pages"}],"about":[{"href":"https:\/\/www.museebolo.ch\/en\/wp-json\/wp\/v2\/types\/page"}],"author":[{"embeddable":true,"href":"https:\/\/www.museebolo.ch\/en\/wp-json\/wp\/v2\/users\/16"}],"replies":[{"embeddable":true,"href":"https:\/\/www.museebolo.ch\/en\/wp-json\/wp\/v2\/comments?post=12969"}],"version-history":[{"count":7,"href":"https:\/\/www.museebolo.ch\/en\/wp-json\/wp\/v2\/pages\/12969\/revisions"}],"predecessor-version":[{"id":15854,"href":"https:\/\/www.museebolo.ch\/en\/wp-json\/wp\/v2\/pages\/12969\/revisions\/15854"}],"up":[{"embeddable":true,"href":"https:\/\/www.museebolo.ch\/en\/wp-json\/wp\/v2\/pages\/7468"}],"wp:attachment":[{"href":"https:\/\/www.museebolo.ch\/en\/wp-json\/wp\/v2\/media?parent=12969"}],"curies":[{"name":"wp","href":"https:\/\/api.w.org\/{rel}","templated":true}]}}