{"id":15720,"date":"2024-10-11T14:44:03","date_gmt":"2024-10-11T12:44:03","guid":{"rendered":"https:\/\/www.museebolo.ch\/?page_id=15720"},"modified":"2024-10-11T14:44:12","modified_gmt":"2024-10-11T12:44:12","slug":"temporary-exhibition-cray","status":"publish","type":"page","link":"https:\/\/www.museebolo.ch\/en\/exhibitions\/temporary-exhibition-cray\/","title":{"rendered":"Temporary exhibition &#8211; Cray"},"content":{"rendered":"<div class=\"wpb-content-wrapper\"><p>[vc_row][vc_column width=&#8221;1\/1&#8243;][vc_custom_heading text_color=&#8221;color-195201&#8243; heading_semantic=&#8221;h1&#8243; text_font=&#8221;font-165139&#8243; text_size=&#8221;h1&#8243; text_weight=&#8221;600&#8243; text_transform=&#8221;uppercase&#8221; separator=&#8221;yes&#8221; separator_color=&#8221;yes&#8221; el_class=&#8221;T_Lead&#8221; uncode_shortcode_id=&#8221;549881&#8243; text_color_type=&#8221;uncode-palette&#8221;]Temporary exhibition[\/vc_custom_heading][vc_row_inner limit_content=&#8221;&#8221;][vc_column_inner width=&#8221;2\/3&#8243;][vc_column_text uncode_shortcode_id=&#8221;433877&#8243;]<\/p>\n<h2>#003<br \/>\nSeymour Cray, the Superman of supercomputers<\/h2>\n<h3>To be discovered until 29.03.2024<\/h3>\n<p>[\/vc_column_text][vc_column_text uncode_shortcode_id=&#8221;184991&#8243;]The Cray X-MP\/48, once used at CERN, as well as the Cray-1S, the first Cray supercomputer installed in Switzerland at the EPFL Computing Center, have joined Mus\u00e9e Bolo next to the Cray-2 and the Cray T3D.<\/p>\n<p>These pieces have an important historical value in Switzerland and in the world. They are the ancestors of our microcomputers\u2026 Today, we all have a smartphone in our pocket that has a computing power equivalent or even superior to these machines. But what is the story behind this small screen, behind its memories and processors? What is the link between these two machines? What are the anecdotes linked to these objects? This is what Mus\u00e9e Bolo wants its visitors to discover.<\/p>\n<p>These incredible and uniquely designed machines have been restored, thanks to the precious support of our partners and sponsors. A temporary exhibition that highlights the history of the CRAY supercomputer and its genius inventor, Seymour Cray.[\/vc_column_text][\/vc_column_inner][vc_column_inner width=&#8221;1\/3&#8243;][vc_single_image media=&#8221;12337&#8243; media_width_percent=&#8221;100&#8243; uncode_shortcode_id=&#8221;634360&#8243;][\/vc_column_inner][\/vc_row_inner][vc_separator sep_color=&#8221;color-206210&#8243; uncode_shortcode_id=&#8221;141752&#8243; sep_color_type=&#8221;uncode-palette&#8221; el_height=&#8221;1&#8243;][vc_row_inner limit_content=&#8221;&#8221;][vc_column_inner width=&#8221;1\/3&#8243;][vc_column_text uncode_shortcode_id=&#8221;987540&#8243;]<\/p>\n<h3>Restoration work<\/h3>\n<ul>\n<li>Ordered the original fabric in the United States from the company Naugahyde<\/li>\n<li>Replacement of the foam and leatherette for the 4 placets<\/li>\n<li>Cleaning of the plexiglas<\/li>\n<li>Cleaning the leatherette of the upper structure (exterior\/interior)<\/li>\n<li>Cleaning of the metal structure<\/li>\n<\/ul>\n<p>[\/vc_column_text][\/vc_column_inner][vc_column_inner width=&#8221;1\/3&#8243;][vc_column_text uncode_shortcode_id=&#8221;155933&#8243;]<\/p>\n<h3>The restorers<\/h3>\n<p>D\u00e9sir\u00e9e Kn\u00fcsel<br \/>\nUpholsterer\/Decorator<br \/>\n<a href=\"https:\/\/formwerkstatt-desiree.ch\/\" target=\"_blank\" rel=\"noopener\">Atelier Formwerkstatt<\/a><\/p>\n<p><a href=\"https:\/\/www.museebolo.ch\/activities\/internship\/?lang=en\">No\u00e9mie Nydegger<\/a><br \/>\nConservator\/Restorer<br \/>\nTechnical expert<\/p>\n<p>With the participation of <a href=\"https:\/\/www.naugahyde.com\/\" target=\"_blank\" rel=\"noopener\">Naugahyde<\/a>, official supplier of CRAY, for the research and selection of fabrics[\/vc_column_text][\/vc_column_inner][vc_column_inner width=&#8221;1\/3&#8243;][vc_single_image media=&#8221;11918&#8243; media_width_percent=&#8221;100&#8243; uncode_shortcode_id=&#8221;340770&#8243;][\/vc_column_inner][\/vc_row_inner][\/vc_column][\/vc_row][vc_row][vc_column width=&#8221;1\/1&#8243;][vc_separator sep_color=&#8221;color-206210&#8243; uncode_shortcode_id=&#8221;141752&#8243; sep_color_type=&#8221;uncode-palette&#8221; el_height=&#8221;1&#8243;][vc_custom_heading uncode_shortcode_id=&#8221;105966&#8243;]Main Partners[\/vc_custom_heading][vc_row_inner row_inner_height_percent=&#8221;0&#8243; overlay_alpha=&#8221;50&#8243; gutter_size=&#8221;3&#8243; shift_y=&#8221;0&#8243; z_index=&#8221;0&#8243; uncode_shortcode_id=&#8221;114323&#8243; limit_content=&#8221;&#8221;][vc_column_inner column_width_percent=&#8221;100&#8243; position_vertical=&#8221;middle&#8221; gutter_size=&#8221;3&#8243; overlay_alpha=&#8221;50&#8243; shift_x=&#8221;0&#8243; shift_y=&#8221;0&#8243; shift_y_down=&#8221;0&#8243; z_index=&#8221;0&#8243; medium_width=&#8221;0&#8243; mobile_width=&#8221;0&#8243; width=&#8221;1\/3&#8243; uncode_shortcode_id=&#8221;954816&#8243;][vc_single_image media=&#8221;12250&#8243; media_width_use_pixel=&#8221;yes&#8221; uncode_shortcode_id=&#8221;189405&#8243; media_width_pixel=&#8221;180&#8243;][\/vc_column_inner][vc_column_inner column_width_percent=&#8221;100&#8243; position_vertical=&#8221;middle&#8221; gutter_size=&#8221;3&#8243; overlay_alpha=&#8221;50&#8243; shift_x=&#8221;0&#8243; shift_y=&#8221;0&#8243; shift_y_down=&#8221;0&#8243; z_index=&#8221;0&#8243; medium_width=&#8221;0&#8243; mobile_width=&#8221;0&#8243; width=&#8221;1\/3&#8243; uncode_shortcode_id=&#8221;127534&#8243;][vc_single_image media=&#8221;12235&#8243; media_width_use_pixel=&#8221;yes&#8221; uncode_shortcode_id=&#8221;161667&#8243; media_width_pixel=&#8221;200&#8243;][\/vc_column_inner][vc_column_inner column_width_percent=&#8221;100&#8243; position_vertical=&#8221;middle&#8221; gutter_size=&#8221;3&#8243; overlay_alpha=&#8221;50&#8243; shift_x=&#8221;0&#8243; shift_y=&#8221;0&#8243; shift_y_down=&#8221;0&#8243; z_index=&#8221;0&#8243; medium_width=&#8221;0&#8243; mobile_width=&#8221;0&#8243; width=&#8221;1\/3&#8243; uncode_shortcode_id=&#8221;528465&#8243;][vc_single_image media=&#8221;11268&#8243; media_width_use_pixel=&#8221;yes&#8221; uncode_shortcode_id=&#8221;608956&#8243; media_width_pixel=&#8221;260&#8243;][\/vc_column_inner][\/vc_row_inner][vc_row_inner row_inner_height_percent=&#8221;0&#8243; overlay_alpha=&#8221;50&#8243; gutter_size=&#8221;3&#8243; shift_y=&#8221;0&#8243; z_index=&#8221;0&#8243; uncode_shortcode_id=&#8221;114323&#8243; limit_content=&#8221;&#8221;][vc_column_inner column_width_percent=&#8221;100&#8243; position_vertical=&#8221;middle&#8221; gutter_size=&#8221;3&#8243; overlay_alpha=&#8221;50&#8243; shift_x=&#8221;0&#8243; shift_y=&#8221;0&#8243; shift_y_down=&#8221;0&#8243; z_index=&#8221;0&#8243; medium_width=&#8221;0&#8243; mobile_width=&#8221;0&#8243; width=&#8221;1\/3&#8243; uncode_shortcode_id=&#8221;206540&#8243;][vc_single_image media=&#8221;12240&#8243; media_width_use_pixel=&#8221;yes&#8221; uncode_shortcode_id=&#8221;546920&#8243; media_width_pixel=&#8221;260&#8243;][\/vc_column_inner][vc_column_inner column_width_percent=&#8221;100&#8243; position_vertical=&#8221;middle&#8221; gutter_size=&#8221;3&#8243; overlay_alpha=&#8221;50&#8243; shift_x=&#8221;0&#8243; shift_y=&#8221;0&#8243; shift_y_down=&#8221;0&#8243; z_index=&#8221;0&#8243; medium_width=&#8221;0&#8243; mobile_width=&#8221;0&#8243; width=&#8221;1\/3&#8243; uncode_shortcode_id=&#8221;127534&#8243;][vc_single_image media=&#8221;12231&#8243; media_width_use_pixel=&#8221;yes&#8221; uncode_shortcode_id=&#8221;465510&#8243; media_width_pixel=&#8221;120&#8243;][\/vc_column_inner][vc_column_inner column_width_percent=&#8221;100&#8243; position_vertical=&#8221;middle&#8221; gutter_size=&#8221;3&#8243; overlay_alpha=&#8221;50&#8243; shift_x=&#8221;0&#8243; shift_y=&#8221;0&#8243; shift_y_down=&#8221;0&#8243; z_index=&#8221;0&#8243; medium_width=&#8221;0&#8243; mobile_visibility=&#8221;yes&#8221; mobile_width=&#8221;0&#8243; width=&#8221;1\/3&#8243; uncode_shortcode_id=&#8221;207943&#8243;][\/vc_column_inner][\/vc_row_inner][vc_separator sep_color=&#8221;color-206210&#8243; uncode_shortcode_id=&#8221;141752&#8243; sep_color_type=&#8221;uncode-palette&#8221; el_height=&#8221;1&#8243;][vc_row_inner limit_content=&#8221;&#8221;][vc_column_inner width=&#8221;1\/1&#8243;][vc_custom_heading uncode_shortcode_id=&#8221;126724&#8243;]Media Partner[\/vc_custom_heading][vc_single_image media=&#8221;12300&#8243; media_width_use_pixel=&#8221;yes&#8221; uncode_shortcode_id=&#8221;169468&#8243; media_width_pixel=&#8221;150&#8243;][\/vc_column_inner][\/vc_row_inner][vc_separator sep_color=&#8221;color-206210&#8243; uncode_shortcode_id=&#8221;141752&#8243; sep_color_type=&#8221;uncode-palette&#8221; el_height=&#8221;1&#8243;][vc_column_text uncode_shortcode_id=&#8221;809526&#8243;]<\/p>\n<h2>Address<\/h2>\n<p>Mus\u00e9e Bolo<br \/>\nB\u00e2timent INF &#8211; Facult\u00e9 Informatique &amp; Communications de l\u2019EPFL &#8211; Niveau 0 (INF 094.7)<br \/>\nStation 14 &#8211; 1015 Lausanne &#8211; Suisse<\/p>\n<p>Exhibition accessible from 8am &#8211; 7pm.<br \/>\nMonday to Friday.<br \/>\nFree admission.[\/vc_column_text][\/vc_column][\/vc_row]<\/p>\n<\/div>","protected":false},"excerpt":{"rendered":"<p>[vc_row][vc_column width=&#8221;1\/1&#8243;][vc_custom_heading text_color=&#8221;color-195201&#8243; heading_semantic=&#8221;h1&#8243; text_font=&#8221;font-165139&#8243; text_size=&#8221;h1&#8243; text_weight=&#8221;600&#8243; text_transform=&#8221;uppercase&#8221; separator=&#8221;yes&#8221; separator_color=&#8221;yes&#8221; el_class=&#8221;T_Lead&#8221; uncode_shortcode_id=&#8221;549881&#8243; text_color_type=&#8221;uncode-palette&#8221;]Temporary exhibition[\/vc_custom_heading][vc_row_inner limit_content=&#8221;&#8221;][vc_column_inner width=&#8221;2\/3&#8243;][vc_column_text uncode_shortcode_id=&#8221;433877&#8243;] #003 Seymour Cray, [&hellip;]<\/p>\n","protected":false},"author":16,"featured_media":0,"parent":7468,"menu_order":0,"comment_status":"closed","ping_status":"closed","template":"","meta":{"footnotes":""},"class_list":["post-15720","page","type-page","status-publish","hentry"],"_links":{"self":[{"href":"https:\/\/www.museebolo.ch\/en\/wp-json\/wp\/v2\/pages\/15720","targetHints":{"allow":["GET"]}}],"collection":[{"href":"https:\/\/www.museebolo.ch\/en\/wp-json\/wp\/v2\/pages"}],"about":[{"href":"https:\/\/www.museebolo.ch\/en\/wp-json\/wp\/v2\/types\/page"}],"author":[{"embeddable":true,"href":"https:\/\/www.museebolo.ch\/en\/wp-json\/wp\/v2\/users\/16"}],"replies":[{"embeddable":true,"href":"https:\/\/www.museebolo.ch\/en\/wp-json\/wp\/v2\/comments?post=15720"}],"version-history":[{"count":2,"href":"https:\/\/www.museebolo.ch\/en\/wp-json\/wp\/v2\/pages\/15720\/revisions"}],"predecessor-version":[{"id":15853,"href":"https:\/\/www.museebolo.ch\/en\/wp-json\/wp\/v2\/pages\/15720\/revisions\/15853"}],"up":[{"embeddable":true,"href":"https:\/\/www.museebolo.ch\/en\/wp-json\/wp\/v2\/pages\/7468"}],"wp:attachment":[{"href":"https:\/\/www.museebolo.ch\/en\/wp-json\/wp\/v2\/media?parent=15720"}],"curies":[{"name":"wp","href":"https:\/\/api.w.org\/{rel}","templated":true}]}}