{"id":7440,"date":"2020-07-02T18:06:14","date_gmt":"2020-07-02T16:06:14","guid":{"rendered":"https:\/\/www.museebolo.ch\/?page_id=7440"},"modified":"2023-10-12T16:43:13","modified_gmt":"2023-10-12T14:43:13","slug":"agenda","status":"publish","type":"page","link":"https:\/\/www.museebolo.ch\/en\/agenda\/","title":{"rendered":"Agenda"},"content":{"rendered":"<div class=\"wpb-content-wrapper\"><p>[vc_row row_height_percent=&#8221;0&#8243; override_padding=&#8221;yes&#8221; h_padding=&#8221;2&#8243; top_padding=&#8221;3&#8243; bottom_padding=&#8221;3&#8243; back_color=&#8221;color-206210&#8243; overlay_alpha=&#8221;50&#8243; gutter_size=&#8221;3&#8243; column_width_percent=&#8221;100&#8243; shift_y=&#8221;0&#8243; z_index=&#8221;0&#8243; uncode_shortcode_id=&#8221;162198&#8243; back_color_type=&#8221;uncode-palette&#8221;][vc_column column_width_percent=&#8221;100&#8243; gutter_size=&#8221;3&#8243; overlay_alpha=&#8221;50&#8243; shift_x=&#8221;0&#8243; shift_y=&#8221;0&#8243; shift_y_down=&#8221;0&#8243; z_index=&#8221;0&#8243; medium_width=&#8221;0&#8243; mobile_width=&#8221;0&#8243; css_animation=&#8221;bottom-t-top&#8221; width=&#8221;1\/1&#8243; uncode_shortcode_id=&#8221;179500&#8243;][vc_custom_heading text_color=&#8221;color-195201&#8243; heading_semantic=&#8221;h1&#8243; text_font=&#8221;font-165139&#8243; text_size=&#8221;h1&#8243; text_weight=&#8221;600&#8243; text_transform=&#8221;uppercase&#8221; separator=&#8221;yes&#8221; separator_color=&#8221;yes&#8221; el_class=&#8221;T_Lead&#8221; uncode_shortcode_id=&#8221;154097&#8243; text_color_type=&#8221;uncode-palette&#8221;]Agenda et \u00e9v\u00e9nements[\/vc_custom_heading][vc_row_inner row_inner_height_percent=&#8221;0&#8243; overlay_alpha=&#8221;50&#8243; equal_height=&#8221;yes&#8221; gutter_size=&#8221;4&#8243; shift_y=&#8221;0&#8243; z_index=&#8221;0&#8243; limit_content=&#8221;&#8221; uncode_shortcode_id=&#8221;174987&#8243;][vc_column_inner column_width_percent=&#8221;100&#8243; gutter_size=&#8221;3&#8243; overlay_alpha=&#8221;50&#8243; shift_x=&#8221;0&#8243; shift_y=&#8221;0&#8243; shift_y_down=&#8221;0&#8243; z_index=&#8221;0&#8243; medium_width=&#8221;0&#8243; mobile_width=&#8221;0&#8243; width=&#8221;2\/3&#8243; uncode_shortcode_id=&#8221;184133&#8243;][vc_custom_heading text_color=&#8221;color-195201&#8243; text_size=&#8221;fontsize-162287&#8243; sub_lead=&#8221;small&#8221; uncode_shortcode_id=&#8221;523134&#8243; text_color_type=&#8221;uncode-palette&#8221; el_class=&#8221;logitech&#8221; subheading=&#8221;Samedi 11 et dimanche 12 novembre de 11h \u00e0 18h&#8221;]SMAKY forever[\/vc_custom_heading][vc_column_text uncode_shortcode_id=&#8221;102459&#8243;]Le Vintage Computer Festival Zurich se consacre \u00e0 la renaissance et \u00e0 la pr\u00e9servation d&#8217;ordinateurs et de technologies historiques. Il offre aux visiteurs la possibilit\u00e9 de remonter le temps jusqu&#8217;aux d\u00e9buts de la technologie informatique et de d\u00e9couvrir de pr\u00e8s l&#8217;\u00e9volution des ordinateurs. Le festival comprend des expositions, des conf\u00e9rences, des ateliers et des activit\u00e9s interactives au cours desquelles les visiteurs peuvent essayer d&#8217;anciens mod\u00e8les d&#8217;ordinateurs et en apprendre davantage sur leur fonctionnement.<\/p>\n<p>Le Mus\u00e9e Bolo parlera de son projet et de l&#8217;histoire du micro-ordinateur vaudois, le SMAKY.<\/p>\n<h3><a href=\"https:\/\/www.museebolo.ch\/projet-smaky\/\" target=\"_blank\" rel=\"noopener\">+ sur le projet SMAKY<\/a><\/h3>\n<p>[\/vc_column_text][\/vc_column_inner][vc_column_inner column_width_percent=&#8221;100&#8243; align_horizontal=&#8221;align_center&#8221; gutter_size=&#8221;3&#8243; overlay_alpha=&#8221;50&#8243; shift_x=&#8221;0&#8243; shift_y=&#8221;0&#8243; shift_y_down=&#8221;0&#8243; z_index=&#8221;0&#8243; medium_width=&#8221;0&#8243; mobile_width=&#8221;0&#8243; width=&#8221;1\/3&#8243; uncode_shortcode_id=&#8221;470200&#8243;][vc_custom_heading text_color=&#8221;color-195201&#8243; heading_semantic=&#8221;h3&#8243; text_size=&#8221;fontsize-162287&#8243; sub_lead=&#8221;small&#8221; uncode_shortcode_id=&#8221;137629&#8243; text_color_type=&#8221;uncode-palette&#8221; el_class=&#8221;logitech&#8221;]VCF Zurich[\/vc_custom_heading][vc_single_image media=&#8221;13518&#8243; media_width_percent=&#8221;100&#8243; uncode_shortcode_id=&#8221;117406&#8243;][vc_column_text uncode_shortcode_id=&#8221;111636&#8243;]En savoir plus sur le programme[\/vc_column_text][vc_button button_color=&#8221;color-195201&#8243; outline=&#8221;yes&#8221; border_width=&#8221;1&#8243; display=&#8221;inline&#8221; top_margin=&#8221;yes&#8221; link=&#8221;url:https%3A%2F%2Fvintagecomputerfestival.ch%2F|title:Agenda|target:_blank&#8221; button_color_type=&#8221;uncode-palette&#8221; uncode_shortcode_id=&#8221;131154&#8243;]Voir le site VCF[\/vc_button][\/vc_column_inner][\/vc_row_inner][\/vc_column][\/vc_row][vc_row row_height_percent=&#8221;0&#8243; override_padding=&#8221;yes&#8221; h_padding=&#8221;2&#8243; top_padding=&#8221;2&#8243; bottom_padding=&#8221;2&#8243; back_color=&#8221;color-196459&#8243; overlay_alpha=&#8221;50&#8243; gutter_size=&#8221;3&#8243; column_width_percent=&#8221;100&#8243; shift_y=&#8221;0&#8243; z_index=&#8221;0&#8243; uncode_shortcode_id=&#8221;212042&#8243; back_color_type=&#8221;uncode-palette&#8221;][vc_column column_width_percent=&#8221;100&#8243; gutter_size=&#8221;3&#8243; overlay_alpha=&#8221;50&#8243; shift_x=&#8221;0&#8243; shift_y=&#8221;0&#8243; shift_y_down=&#8221;0&#8243; z_index=&#8221;0&#8243; medium_width=&#8221;0&#8243; mobile_width=&#8221;0&#8243; css_animation=&#8221;bottom-t-top&#8221; animation_speed=&#8221;800&#8243; width=&#8221;1\/1&#8243; uncode_shortcode_id=&#8221;116677&#8243;][vc_custom_heading text_color=&#8221;color-195201&#8243; text_font=&#8221;font-165139&#8243; text_weight=&#8221;600&#8243; text_transform=&#8221;uppercase&#8221; separator=&#8221;yes&#8221; separator_color=&#8221;yes&#8221; el_class=&#8221;T_Lead&#8221; uncode_shortcode_id=&#8221;874767&#8243; text_color_type=&#8221;uncode-palette&#8221;]Stand[\/vc_custom_heading][vc_row_inner row_inner_height_percent=&#8221;0&#8243; overlay_alpha=&#8221;50&#8243; equal_height=&#8221;yes&#8221; gutter_size=&#8221;4&#8243; shift_y=&#8221;0&#8243; z_index=&#8221;0&#8243; limit_content=&#8221;&#8221; uncode_shortcode_id=&#8221;174987&#8243;][vc_column_inner column_width_percent=&#8221;100&#8243; gutter_size=&#8221;3&#8243; overlay_alpha=&#8221;50&#8243; shift_x=&#8221;0&#8243; shift_y=&#8221;0&#8243; shift_y_down=&#8221;0&#8243; z_index=&#8221;0&#8243; medium_width=&#8221;0&#8243; mobile_width=&#8221;0&#8243; width=&#8221;1\/6&#8243; uncode_shortcode_id=&#8221;184133&#8243;][vc_column_text uncode_shortcode_id=&#8221;326222&#8243;]<\/p>\n<h3>D\u00e9mos<\/h3>\n<ul>\n<li>SMAKY 6<\/li>\n<li>SMAKY 8<\/li>\n<li>SMAKY 100<\/li>\n<li>SMAKY 130<\/li>\n<li>SCRIB<\/li>\n<li>&#8230;<\/li>\n<\/ul>\n<p>[\/vc_column_text][\/vc_column_inner][vc_column_inner width=&#8221;3\/6&#8243;][vc_gallery el_id=&#8221;gallery-210692&#8243; type=&#8221;carousel&#8221; random=&#8221;yes&#8221; medias=&#8221;13450,13078,13076,13074,13072,13070&#8243; carousel_lg=&#8221;1&#8243; carousel_md=&#8221;1&#8243; carousel_sm=&#8221;1&#8243; thumb_size=&#8221;four-three&#8221; gutter_size=&#8221;3&#8243; media_items=&#8221;media|nolink|original&#8221; carousel_interval=&#8221;3000&#8243; carousel_navspeed=&#8221;400&#8243; carousel_loop=&#8221;yes&#8221; stage_padding=&#8221;0&#8243; single_overlay_opacity=&#8221;50&#8243; single_padding=&#8221;2&#8243; single_border=&#8221;yes&#8221; uncode_shortcode_id=&#8221;108189&#8243;][\/vc_column_inner][vc_column_inner width=&#8221;2\/6&#8243;][vc_column_text uncode_shortcode_id=&#8221;156026&#8243;]<\/p>\n<h3>Une aventure vaudoise de l\u2019interface graphique<\/h3>\n<p>Daniel Roux, p\u00e8re de Blupi, est un illustrateur et pionnier vaudois du pixel art. Il a d\u00e9velopp\u00e9 logiciels, didacticiels, et jeux ludo-\u00e9ducatifs et a cr\u00e9\u00e9 l\u2019environnement visuel des ordinateurs SMAKY.<\/p>\n<p>Vous pourrez tester jeux vid\u00e9o, didacticiels et logiciels cr\u00e9\u00e9s par Daniel Roux.<\/p>\n<h3><a href=\"https:\/\/www.museebolo.ch\/memoires_vives\/daniel-roux-pionnier-pixel-art-interfaces-graphiques-blupi-et-univers-smaky\/\" target=\"_blank\" rel=\"noopener\">+ sur Daniel Roux<\/a><\/h3>\n<p>[\/vc_column_text][\/vc_column_inner][\/vc_row_inner][\/vc_column][\/vc_row][vc_row][vc_column width=&#8221;1\/1&#8243;][uncode_block id=&#8221;5684&#8243;][\/vc_column][\/vc_row]<\/p>\n<\/div>","protected":false},"excerpt":{"rendered":"<p>[vc_row row_height_percent=&#8221;0&#8243; override_padding=&#8221;yes&#8221; h_padding=&#8221;2&#8243; top_padding=&#8221;3&#8243; bottom_padding=&#8221;3&#8243; back_color=&#8221;color-206210&#8243; overlay_alpha=&#8221;50&#8243; gutter_size=&#8221;3&#8243; column_width_percent=&#8221;100&#8243; shift_y=&#8221;0&#8243; z_index=&#8221;0&#8243; uncode_shortcode_id=&#8221;162198&#8243; back_color_type=&#8221;uncode-palette&#8221;][vc_column column_width_percent=&#8221;100&#8243; gutter_size=&#8221;3&#8243; overlay_alpha=&#8221;50&#8243; shift_x=&#8221;0&#8243; shift_y=&#8221;0&#8243; shift_y_down=&#8221;0&#8243; [&hellip;]<\/p>\n","protected":false},"author":16,"featured_media":0,"parent":0,"menu_order":0,"comment_status":"closed","ping_status":"closed","template":"","meta":{"footnotes":""},"class_list":["post-7440","page","type-page","status-publish","hentry"],"_links":{"self":[{"href":"https:\/\/www.museebolo.ch\/en\/wp-json\/wp\/v2\/pages\/7440","targetHints":{"allow":["GET"]}}],"collection":[{"href":"https:\/\/www.museebolo.ch\/en\/wp-json\/wp\/v2\/pages"}],"about":[{"href":"https:\/\/www.museebolo.ch\/en\/wp-json\/wp\/v2\/types\/page"}],"author":[{"embeddable":true,"href":"https:\/\/www.museebolo.ch\/en\/wp-json\/wp\/v2\/users\/16"}],"replies":[{"embeddable":true,"href":"https:\/\/www.museebolo.ch\/en\/wp-json\/wp\/v2\/comments?post=7440"}],"version-history":[{"count":37,"href":"https:\/\/www.museebolo.ch\/en\/wp-json\/wp\/v2\/pages\/7440\/revisions"}],"predecessor-version":[{"id":13541,"href":"https:\/\/www.museebolo.ch\/en\/wp-json\/wp\/v2\/pages\/7440\/revisions\/13541"}],"wp:attachment":[{"href":"https:\/\/www.museebolo.ch\/en\/wp-json\/wp\/v2\/media?parent=7440"}],"curies":[{"name":"wp","href":"https:\/\/api.w.org\/{rel}","templated":true}]}}