{"id":7476,"date":"2020-07-02T19:22:24","date_gmt":"2020-07-02T17:22:24","guid":{"rendered":"https:\/\/www.museebolo.ch\/?page_id=7476"},"modified":"2026-01-02T14:51:12","modified_gmt":"2026-01-02T13:51:12","slug":"the-foundation","status":"publish","type":"page","link":"https:\/\/www.museebolo.ch\/en\/the-museum\/the-foundation\/","title":{"rendered":"The foundation"},"content":{"rendered":"<div class=\"wpb-content-wrapper\"><p>[vc_row row_height_percent=&#8221;0&#8243; overlay_alpha=&#8221;50&#8243; gutter_size=&#8221;3&#8243; column_width_percent=&#8221;100&#8243; shift_y=&#8221;0&#8243; z_index=&#8221;0&#8243;][vc_column column_width_percent=&#8221;100&#8243; gutter_size=&#8221;3&#8243; overlay_alpha=&#8221;50&#8243; shift_x=&#8221;0&#8243; shift_y=&#8221;0&#8243; shift_y_down=&#8221;0&#8243; z_index=&#8221;0&#8243; medium_width=&#8221;0&#8243; mobile_width=&#8221;0&#8243; width=&#8221;1\/1&#8243;][vc_custom_heading text_color=&#8221;color-195201&#8243; heading_semantic=&#8221;h1&#8243; text_font=&#8221;font-165139&#8243; text_size=&#8221;h1&#8243; text_weight=&#8221;600&#8243; text_transform=&#8221;uppercase&#8221; separator_color=&#8221;yes&#8221; separator=&#8221;yes&#8221; el_class=&#8221;T_Lead&#8221;]The foundation[\/vc_custom_heading][vc_row_inner row_inner_height_percent=&#8221;0&#8243; overlay_alpha=&#8221;50&#8243; gutter_size=&#8221;3&#8243; shift_y=&#8221;0&#8243; z_index=&#8221;0&#8243; limit_content=&#8221;&#8221;][vc_column_inner column_width_percent=&#8221;90&#8243; position_horizontal=&#8221;left&#8221; gutter_size=&#8221;3&#8243; overlay_alpha=&#8221;50&#8243; shift_x=&#8221;0&#8243; shift_y=&#8221;0&#8243; shift_y_down=&#8221;0&#8243; z_index=&#8221;0&#8243; medium_width=&#8221;0&#8243; mobile_width=&#8221;0&#8243; width=&#8221;2\/3&#8243; uncode_shortcode_id=&#8221;326147&#8243;][vc_column_text]<\/p>\n<h3 class=\"Textbody\">The foundation M\u00e9moires Informatiques works for the preservation of computer-related heritage.<\/h3>\n<p>Created on 9 March 2007 by Swiss Computer science enthusiasts and pioneers, the foundation M\u00e9moires Informatiques aims to preserve and enhance the value of the computer heritage. The foundation manages Mus\u00e9e Bolo, the search for sponsors and support to setting up museum&#8217;s projects.[\/vc_column_text][vc_empty_space empty_h=&#8221;2&#8243;][vc_button button_color=&#8221;color-195201&#8243; outline=&#8221;yes&#8221; border_width=&#8221;1&#8243; display=&#8221;inline&#8221; top_margin=&#8221;yes&#8221; link=&#8221;url:https%3A%2F%2Fwww.museebolo.ch%2Fen%2Fsupport-us%2Fmake-a-donation%2F|title:Faire%20un%20don&#8221; button_color_type=&#8221;uncode-palette&#8221; uncode_shortcode_id=&#8221;190991&#8243;]Support our action[\/vc_button][\/vc_column_inner][vc_column_inner width=&#8221;1\/3&#8243;][vc_custom_heading heading_semantic=&#8221;h4&#8243; text_size=&#8221;h4&#8243;]Foundation[\/vc_custom_heading][vc_raw_html]JTNDdGFibGUlM0UlMEElMjAlMjAlMjAlM0N0aGVhZCUzRSUwQSUyMCUyMCUyMCUzQ3RyJTNFJTBBJTIwJTIwJTIwJTNDdGQlM0VGdW5jdGlvbiUzQyUyRnRkJTNFJTBBJTIwJTIwJTIwJTNDdGQlM0VNZW1iZXIlM0MlMkZ0ZCUzRSUwQSUyMCUyMCUyMCUzQyUyRnRyJTNFJTBBJTIwJTIwJTIwJTNDJTJGdGhlYWQlM0UlMEElMjAlMjAlMjAlM0N0Ym9keSUzRSUwQSUyMCUyMCUyMCUzQ3RyJTNFJTBBJTIwJTIwJTIwJTNDdGQlM0VQcmVzaWRlbnQlM0MlMkZ0ZCUzRSUwQSUyMCUyMCUyMCUzQ3RkJTNFQyVDMyVBOWRyaWMlMjBHYXVkaW4lM0MlMkZ0ZCUzRSUwQSUyMCUyMCUyMCUzQyUyRnRyJTNFJTBBJTBBJTIwJTIwJTIwJTBBJTNDdHIlM0UlMEElMjAlMjAlMjAlM0N0ZCUzRVRyZWFzdXJlciUzQyUyRnRkJTNFJTBBJTIwJTIwJTIwJTNDdGQlM0VKdWxpZW4lMjBQaWxldCUzQyUyRnRkJTNFJTBBJTIwJTIwJTIwJTNDJTJGdHIlM0UlMEElMjAlMjAlMjAlM0N0ciUzRSUwQSUyMCUyMCUyMCUzQ3RkJTIwdmFsaWduJTNEJTIydG9wJTIyJTNFTWVtYmVycyUzQyUyRnRkJTNFJTBBJTIwJTIwJTIwJTNDdGQlM0UlMEFWaW5jZW50JTIwS2VsbGVyJTNDYnIlM0UlMEFSYWZhZWwlMjBDb3J2YWwlQzMlQTFuJTNDYnIlM0UlMEFBbHdpbiUyMERpZXBlcmluayUzQ2JyJTNFJTBBJTNDJTJGdGQlM0UlMEElMEElMjAlMjAlMjAlM0MlMkZ0ciUzRSUwQSUwQSUwQSUwQSUyMCUyMCUyMCUzQyUyRnRib2R5JTNFJTBBJTIwJTIwJTIwJTNDJTJGdGFibGUlM0UlMEElMjAlMjAlMjA=[\/vc_raw_html][\/vc_column_inner][\/vc_row_inner][\/vc_column][\/vc_row][vc_row unlock_row_content=&#8221;yes&#8221; row_height_percent=&#8221;0&#8243; override_padding=&#8221;yes&#8221; h_padding=&#8221;0&#8243; top_padding=&#8221;2&#8243; bottom_padding=&#8221;2&#8243; overlay_alpha=&#8221;50&#8243; gutter_size=&#8221;3&#8243; column_width_percent=&#8221;100&#8243; shift_y=&#8221;0&#8243; z_index=&#8221;0&#8243; content_parallax=&#8221;0&#8243; uncode_shortcode_id=&#8221;213802&#8243;][vc_column width=&#8221;1\/1&#8243;][vc_separator sep_color=&#8221;color-206210&#8243;][\/vc_column][\/vc_row][vc_row row_height_percent=&#8221;0&#8243; overlay_alpha=&#8221;50&#8243; gutter_size=&#8221;3&#8243; column_width_percent=&#8221;100&#8243; shift_y=&#8221;0&#8243; z_index=&#8221;0&#8243; uncode_shortcode_id=&#8221;121120&#8243;][vc_column width=&#8221;1\/1&#8243;][vc_row_inner limit_content=&#8221;&#8221;][vc_column_inner column_width_percent=&#8221;65&#8243; position_horizontal=&#8221;left&#8221; gutter_size=&#8221;3&#8243; overlay_alpha=&#8221;50&#8243; shift_x=&#8221;0&#8243; shift_y=&#8221;0&#8243; shift_y_down=&#8221;0&#8243; z_index=&#8221;0&#8243; medium_width=&#8221;0&#8243; mobile_width=&#8221;0&#8243; width=&#8221;1\/1&#8243;][vc_column_text uncode_shortcode_id=&#8221;194056&#8243;]<\/p>\n<h2>Current members<\/h2>\n<p>[\/vc_column_text][\/vc_column_inner][\/vc_row_inner][vc_row_inner limit_content=&#8221;&#8221;][vc_column_inner width=&#8221;1\/3&#8243;][vc_column_text uncode_shortcode_id=&#8221;172251&#8243;]<\/p>\n<h4>C\u00e9dric Gaudin<\/h4>\n<p><em>Ing\u00e9nieur informaticien EPFL.<\/em><\/p>\n<p>Passionn\u00e9 depuis toujours d\u2019informatique et d\u2019\u00e9lectronique, C\u00e9dric est ing\u00e9nieur et con\u00e7oit des ordinateurs depuis plus de 15 ans pour l\u2019industrie, en particulier l\u2019a\u00e9ronautique. Sa rencontre avec la petite \u00e9quipe \u00e0 l\u2019origine du mus\u00e9e a lieu lors de ses \u00e9tudes en informatique \u00e0 l\u2019EPFL. D\u2019abord membre de l\u2019association Les amis du Mus\u00e9e Bolo, il en devient le Pr\u00e9sident en 2007.[\/vc_column_text][vc_column_text uncode_shortcode_id=&#8221;138328&#8243;]<\/p>\n<h4>Alwin Dieperink<\/h4>\n<p><em>Ing\u00e9nieur informaticien EPFL.<\/em><\/p>\n<p>Il a re\u00e7u sa premi\u00e8re calculatrice \u00e0 l&#8217;\u00e2ge de 6 ans et a appris \u00e0 programmer sur des cartes perfor\u00e9es sur les CDC de l&#8217;EPFL. D\u00e8s le gymnase, il entre en contact avec le monde des SMAKY pour lequel il travaillera durant ses \u00e9tudes \u00e0 l&#8217;EPFL. Il y obtiendra son dipl\u00f4me d&#8217;ing\u00e9nieur informaticien. Depuis plus de 30 ans, il est fid\u00e8le \u00e0 ELCA o\u00f9 il officie actuellement comme expert en bases de donn\u00e9es. C&#8217;est l\u00e0 qu&#8217;il a crois\u00e9 le chemin d&#8217;un certain&#8230; Yves Bolognini.[\/vc_column_text][\/vc_column_inner][vc_column_inner width=&#8221;1\/3&#8243;][vc_column_text uncode_shortcode_id=&#8221;106037&#8243;]<\/p>\n<h4>Rafael Corval\u00e1n<\/h4>\n<p><em>Ing\u00e9nieur en informatique temps r\u00e9el.<br \/>\n<\/em><\/p>\n<p>Dipl\u00f4m\u00e9 de l\u2019\u00c9cole Centrale Paris en tant qu\u2019ing\u00e9nieur en informatique temps r\u00e9el, il a travaill\u00e9 d\u2019abord en tant que consultant puis en tant que directeur informatique d\u2019Edipresse puis de Tamedia avant de rejoindre l\u2019EPFL en tant que Directeur du Domaine des Syst\u00e8mes d\u2019Information \u00e0 l\u2019EPFL. Il a rejoint le conseil de fondation en 2021 en tant que repr\u00e9sentant de l\u2019EPFL.[\/vc_column_text][vc_column_text uncode_shortcode_id=&#8221;130671&#8243;]<\/p>\n<h4>Vincent Keller<\/h4>\n<p><em>PhD en informatique.<\/em><\/p>\n<p>Il a obtenu son Master en informatique \u00e0 l&#8217;UNIGE et son doctorat en 2008 \u00e0 l&#8217;EPFL dans les domaines HPCN et HPC Grids. Ses recherches portaient sur l&#8217;analyse des applications HPC, les grilles de calcul et les clusters, ainsi que sur l&#8217;efficacit\u00e9 \u00e9nerg\u00e9tique des grands \u00e9cosyst\u00e8mes informatiques. D\u00e9put\u00e9 au Grand Conseil Vaudois depuis 2015, il est actuellement enseignant en informatique au gymnase de Beaulieu, \u00e0 Lausanne.[\/vc_column_text][\/vc_column_inner][vc_column_inner width=&#8221;1\/3&#8243;][vc_column_text uncode_shortcode_id=&#8221;163281&#8243;]<\/p>\n<h4>Julien Pilet<\/h4>\n<p><em>Ing\u00e9nieur informaticien EPFL.<\/em><\/p>\n<p>Co-fondateur du groupe de d\u00e9momaker Calodox, docteur EPFL en vision par ordinateur, il a travaill\u00e9 chez Google puis a fond\u00e9 plusieurs start-ups. Passionn\u00e9 par l&#8217;informatique, il l&#8217;applique dans de nombreux domaines: g\u00e9n\u00e9ration graphique proc\u00e9durale, optimisation de voiliers de r\u00e9gate, microscopie \u00e9lectronique, cartographie, reconstruction 3D \u00e0 partir de photos ou de vid\u00e9os. Il rejoint l&#8217;association au d\u00e9but des ann\u00e9es 2000 et la fondation en 2022.[\/vc_column_text][\/vc_column_inner][\/vc_row_inner][\/vc_column][\/vc_row][vc_row unlock_row_content=&#8221;yes&#8221; row_height_percent=&#8221;0&#8243; override_padding=&#8221;yes&#8221; h_padding=&#8221;0&#8243; top_padding=&#8221;2&#8243; bottom_padding=&#8221;2&#8243; overlay_alpha=&#8221;50&#8243; gutter_size=&#8221;3&#8243; column_width_percent=&#8221;100&#8243; shift_y=&#8221;0&#8243; z_index=&#8221;0&#8243; content_parallax=&#8221;0&#8243; uncode_shortcode_id=&#8221;213802&#8243;][vc_column width=&#8221;1\/1&#8243;][vc_separator sep_color=&#8221;color-206210&#8243;][\/vc_column][\/vc_row][vc_row][vc_column width=&#8221;1\/1&#8243;][vc_row_inner limit_content=&#8221;&#8221;][vc_column_inner column_width_percent=&#8221;80&#8243; position_horizontal=&#8221;left&#8221; gutter_size=&#8221;3&#8243; overlay_alpha=&#8221;50&#8243; shift_x=&#8221;0&#8243; shift_y=&#8221;0&#8243; shift_y_down=&#8221;0&#8243; z_index=&#8221;0&#8243; medium_width=&#8221;0&#8243; mobile_width=&#8221;0&#8243; width=&#8221;1\/1&#8243; uncode_shortcode_id=&#8221;206604&#8243;][vc_column_text uncode_shortcode_id=&#8221;157183&#8243;]<\/p>\n<h2>Consultant<\/h2>\n<p>[\/vc_column_text][vc_column_text uncode_shortcode_id=&#8221;193714&#8243;]<\/p>\n<h4>Yves Bolognini<\/h4>\n<p><em>Ing\u00e9nieur informaticien EPFL.<\/em><\/p>\n<p>Yves Bolognini se passionne pour l&#8217;histoire de l\u2019informatique depuis plus de vingt ans. D\u2019abord collectionneur, il fonde en 2002 le Mus\u00e9e Bolo, premi\u00e8re exposition permanente du genre en Suisse. En 2007, il cr\u00e9e la fondation M\u00e9moires Informatiques qui a pour but de sauver un patrimoine pr\u00e9cieux et de raconter la r\u00e9volution num\u00e9rique et en devient le pr\u00e9sident. Il quitte la pr\u00e9sidence en 2020, et r\u00e9duit peu \u00e0 peu ses activit\u00e9s au mus\u00e9e pour se consacrer \u00e0 son autre passion, les arts du cirque.[\/vc_column_text][\/vc_column_inner][\/vc_row_inner][\/vc_column][\/vc_row][vc_row unlock_row_content=&#8221;yes&#8221; row_height_percent=&#8221;0&#8243; override_padding=&#8221;yes&#8221; h_padding=&#8221;0&#8243; top_padding=&#8221;2&#8243; bottom_padding=&#8221;2&#8243; overlay_alpha=&#8221;50&#8243; gutter_size=&#8221;3&#8243; column_width_percent=&#8221;100&#8243; shift_y=&#8221;0&#8243; z_index=&#8221;0&#8243; content_parallax=&#8221;0&#8243; uncode_shortcode_id=&#8221;213802&#8243;][vc_column width=&#8221;1\/1&#8243;][vc_separator sep_color=&#8221;color-206210&#8243;][\/vc_column][\/vc_row][vc_row][vc_column width=&#8221;1\/1&#8243;][vc_row_inner limit_content=&#8221;&#8221;][vc_column_inner column_width_percent=&#8221;65&#8243; position_horizontal=&#8221;left&#8221; gutter_size=&#8221;3&#8243; overlay_alpha=&#8221;50&#8243; shift_x=&#8221;0&#8243; shift_y=&#8221;0&#8243; shift_y_down=&#8221;0&#8243; z_index=&#8221;0&#8243; medium_width=&#8221;0&#8243; mobile_width=&#8221;0&#8243; width=&#8221;1\/1&#8243;][vc_column_text]<\/p>\n<h2>Founding Members<\/h2>\n<p>[\/vc_column_text][\/vc_column_inner][\/vc_row_inner][vc_row_inner limit_content=&#8221;&#8221;][vc_column_inner width=&#8221;1\/3&#8243;][vc_column_text]<\/p>\n<h4>Yves Bolognini<\/h4>\n<p><em>Computer Science Engineer EPFL.<\/em><\/p>\n<p>He has been collecting old computers since 1995. In 2001, he founded Mus\u00e9e Bolo.<\/p>\n<p>Initiator of the foundation, he is its president.[\/vc_column_text][vc_column_text]<\/p>\n<h4>Edouard Forler<\/h4>\n<p><em>Computer Science Engineer EPFL.<\/em><\/p>\n<p>Specialist in embedded architectures, he is co-founder of Mus\u00e9e Bolo.[\/vc_column_text][vc_column_text]<\/p>\n<h4>Niklaus Wirth<\/h4>\n<p><em>Honorary Professor of the ETHZ<br \/>\nand a specialist in programming languages.<\/em><\/p>\n<p>He is the inventor of the Pascal language and the Lilith workstation, rich in innovative concepts.[\/vc_column_text][\/vc_column_inner][vc_column_inner width=&#8221;1\/3&#8243;][vc_column_text]<\/p>\n<h4>Jean-Daniel Nicoud<\/h4>\n<p><em>Physics engineer, <\/em><br \/>\n<em>honorary professor at EPFL.<\/em><\/p>\n<p>He was head of the microcomputing laboratory (LAMI). He is the inventor, in the mid-70s, of the Dauphin didactic microcomputer and the Smaky computer series.<\/p>\n<p>He is at the origin of the development of the first mice.[\/vc_column_text][vc_column_text]<\/p>\n<h4>Daniel Mange<\/h4>\n<p><em>Electrical engineer, <\/em><br \/>\n<em>honorary professor at EPFL.<\/em><\/p>\n<p>He was head of the Logic Systems Laboratory (LSL). He is the creator of the concept of magiciel, or transformation technique hardware-software. He is the pioneer of computer machines bio-inspired, capable of self-replication and self-repair.[\/vc_column_text][\/vc_column_inner][vc_column_inner width=&#8221;1\/3&#8243;][vc_column_text]<\/p>\n<h4>Jean-Marie Rouiller<\/h4>\n<p><em>Electronic engineer.<\/em><\/p>\n<p>He took part in the development of the Smaky, the Swiss microcomputer of the the 1970s, as well as the teaching systems related to the microcomputers.[\/vc_column_text][vc_column_text]<\/p>\n<h4>Marielle Stamm<\/h4>\n<p><em>Pioneer of the Computing press in Switzerland.<\/em><\/p>\n<p>Founder of the newspapers 01 Informatique Suisse (1980-1981), Informatique &amp; Bureautique, L&#8217;hebdo romand de l&#8217;informatique (1982-1991), IB Magazine (1992-1993).[\/vc_column_text][\/vc_column_inner][\/vc_row_inner][\/vc_column][\/vc_row][vc_row][vc_column width=&#8221;1\/1&#8243;][uncode_block id=&#8221;765&#8243;][\/vc_column][\/vc_row]<\/p>\n<\/div>","protected":false},"excerpt":{"rendered":"<p>[vc_row row_height_percent=&#8221;0&#8243; overlay_alpha=&#8221;50&#8243; gutter_size=&#8221;3&#8243; column_width_percent=&#8221;100&#8243; shift_y=&#8221;0&#8243; z_index=&#8221;0&#8243;][vc_column column_width_percent=&#8221;100&#8243; gutter_size=&#8221;3&#8243; overlay_alpha=&#8221;50&#8243; shift_x=&#8221;0&#8243; shift_y=&#8221;0&#8243; shift_y_down=&#8221;0&#8243; z_index=&#8221;0&#8243; medium_width=&#8221;0&#8243; mobile_width=&#8221;0&#8243; width=&#8221;1\/1&#8243;][vc_custom_heading text_color=&#8221;color-195201&#8243; heading_semantic=&#8221;h1&#8243; text_font=&#8221;font-165139&#8243; [&hellip;]<\/p>\n","protected":false},"author":16,"featured_media":7813,"parent":7457,"menu_order":0,"comment_status":"closed","ping_status":"closed","template":"","meta":{"footnotes":""},"class_list":["post-7476","page","type-page","status-publish","has-post-thumbnail","hentry"],"_links":{"self":[{"href":"https:\/\/www.museebolo.ch\/en\/wp-json\/wp\/v2\/pages\/7476","targetHints":{"allow":["GET"]}}],"collection":[{"href":"https:\/\/www.museebolo.ch\/en\/wp-json\/wp\/v2\/pages"}],"about":[{"href":"https:\/\/www.museebolo.ch\/en\/wp-json\/wp\/v2\/types\/page"}],"author":[{"embeddable":true,"href":"https:\/\/www.museebolo.ch\/en\/wp-json\/wp\/v2\/users\/16"}],"replies":[{"embeddable":true,"href":"https:\/\/www.museebolo.ch\/en\/wp-json\/wp\/v2\/comments?post=7476"}],"version-history":[{"count":21,"href":"https:\/\/www.museebolo.ch\/en\/wp-json\/wp\/v2\/pages\/7476\/revisions"}],"predecessor-version":[{"id":17622,"href":"https:\/\/www.museebolo.ch\/en\/wp-json\/wp\/v2\/pages\/7476\/revisions\/17622"}],"up":[{"embeddable":true,"href":"https:\/\/www.museebolo.ch\/en\/wp-json\/wp\/v2\/pages\/7457"}],"wp:featuredmedia":[{"embeddable":true,"href":"https:\/\/www.museebolo.ch\/en\/wp-json\/wp\/v2\/media\/7813"}],"wp:attachment":[{"href":"https:\/\/www.museebolo.ch\/en\/wp-json\/wp\/v2\/media?parent=7476"}],"curies":[{"name":"wp","href":"https:\/\/api.w.org\/{rel}","templated":true}]}}