{"id":7569,"date":"2020-07-02T21:42:24","date_gmt":"2020-07-02T19:42:24","guid":{"rendered":"https:\/\/www.museebolo.ch\/?page_id=7569"},"modified":"2023-06-22T11:59:22","modified_gmt":"2023-06-22T09:59:22","slug":"history-memories-and-perspectives-of-musee-bolo","status":"publish","type":"page","link":"https:\/\/www.museebolo.ch\/en\/the-museum\/history\/history-memories-and-perspectives-of-musee-bolo\/","title":{"rendered":"History &#8211; Memories and perspectives of Mus\u00e9e Bolo"},"content":{"rendered":"<div class=\"wpb-content-wrapper\"><p>[vc_row][vc_column column_width_percent=&#8221;100&#8243; position_horizontal=&#8221;left&#8221; gutter_size=&#8221;3&#8243; overlay_alpha=&#8221;50&#8243; shift_x=&#8221;0&#8243; shift_y=&#8221;0&#8243; shift_y_down=&#8221;0&#8243; z_index=&#8221;0&#8243; medium_width=&#8221;0&#8243; mobile_width=&#8221;0&#8243; width=&#8221;1\/1&#8243;][vc_custom_heading text_color=&#8221;color-195201&#8243; heading_semantic=&#8221;h1&#8243; text_font=&#8221;font-165139&#8243; text_size=&#8221;h1&#8243; text_weight=&#8221;600&#8243; text_transform=&#8221;uppercase&#8221; separator=&#8221;yes&#8221; separator_color=&#8221;yes&#8221; el_class=&#8221;T_Lead&#8221;]Memories and perspectives of Mus\u00e9e Bolo[\/vc_custom_heading][vc_row_inner][vc_column_inner width=&#8221;2\/3&#8243;][vc_column_text]<\/p>\n<h3>Mus\u00e9e Bolo has not stopped evolving since the beginning of my computer collection in 1995. The permanent exhibition, installed at EPFL in 2002, then the creation of the foundation M\u00e9moires Informatiques and the opening of a general public exhibition in 2011, testify to a continuous evolution.<\/h3>\n<p>The museum&#8217;s image is becoming international: in recent months I have been invited to speak about our projects in Paris and Turin, and we have contacts with museums and collections all over the world. Mus\u00e9e Bolo is often considered as a reference in the field of computer heritage preservation. At the same time, the association &#8220;Les Amis du Mus\u00e9e Bolo&#8221;, created in 2001, is increasingly active and develops projects and events around the collection.[\/vc_column_text][vc_single_image media=&#8221;922&#8243; caption=&#8221;yes&#8221; media_width_percent=&#8221;100&#8243;][vc_column_text]But we won&#8217;t stop there. With Programmed Disappearance, the current exhibition, we wanted to talk to everyone, young and old, and show the importance of computers in society. In this continuity, the new museum will build on the collection (one of the richest in Europe) to tell the past, present and future of digital technology, and explain how the computer has profoundly transformed, for better or worse, all aspects of our daily lives. The team of Mus\u00e9e Bolo is fortunate to be able to count on the support of Marc Atallah, director of <a href=\"http:\/\/www.ailleurs.ch\/\" target=\"_blank\" rel=\"noopener noreferrer\">Maison d\u2019Ailleurs<\/a>, who has developed an innovative museographic concept for us.<\/p>\n<p><a href=\"https:\/\/www.epfl.ch\/\" target=\"_blank\" rel=\"noopener noreferrer\">EPFL<\/a>, the museum&#8217;s historical partner, is part of the adventure, and Fran\u00e7ois Marthaler, former State Councillor of the Canton of Vaud, provides immense support at the political level and for the follow-up of the project.<\/p>\n<p>We are aware that many steps still need to be taken, but the ideas are good, the foundations (collection, current museum, activities of the association) are solid and the partners are enthusiastic.[\/vc_column_text][vc_single_image media=&#8221;700&#8243; caption=&#8221;yes&#8221; media_width_percent=&#8221;100&#8243;][vc_separator sep_color=&#8221;color-206210&#8243;][vc_column_text]<\/p>\n<h2>The beginnings<\/h2>\n<p>Enough about the future of the museum, it&#8217;s time to tell you its story. It began in 1995 with an <a href=\"https:\/\/fr.wikipedia.org\/wiki\/Apple_II\" target=\"_blank\" rel=\"noopener noreferrer\">Apple II<\/a> found on the street, ready to be scrapped, while I was a computer science student at the EPFL. Surprisingly, I remember perfectly the place and the fact that, once the machine was plugged in, I immediately started programming a set of <a href=\"https:\/\/fr.wikipedia.org\/wiki\/Ensemble_de_Mandelbrot\" target=\"_blank\" rel=\"noopener noreferrer\">Mandelbrot<\/a> in <a href=\"https:\/\/fr.wikipedia.org\/wiki\/BASIC\" target=\"_blank\" rel=\"noopener noreferrer\">Basic<\/a>. The collection grew slowly at first, it wasn&#8217;t my priority. But, as my interest in the history of computer science became clearer, as I discovered all the richness of this extraordinary evolution, the collection quickly grew and became my main hobby, the project of a lifetime.<\/p>\n<p>When I talk about this period with my wife, she likes to remind me that I had nine old computers when I met her in 1996. So she has lived through all the stages of Mus\u00e9e Bolo, the good times and the bad times, and she is always by my side. What courage![\/vc_column_text][vc_single_image media=&#8221;704&#8243; caption=&#8221;yes&#8221; media_width_percent=&#8221;100&#8243;][vc_column_text]The encounter with Professor <a href=\"https:\/\/fr.wikipedia.org\/wiki\/Jean-Daniel_Nicoud\" target=\"_blank\" rel=\"noopener noreferrer\">Jean-Daniel Nicoud<\/a>, also in 1996, was decisive. Having attended school in Geneva during the 1980s, I had never heard of the Smaky computers. Professor Nicoud told me their story and gave me a dozen computers, doubling the size of my collection. I had to find a solution for storage. The first exhibition was set up in an unused room of my parents&#8217; house, in Collex-Bossy, and I was also able to take part in a first event around <a href=\"https:\/\/fr.wikipedia.org\/wiki\/Bulletin_board_system\" target=\"_blank\" rel=\"noopener noreferrer\">BBS<\/a>. I remember that the mayor of the village had visited my first &#8220;museum&#8221; and I was very proud of it.[\/vc_column_text][vc_separator sep_color=&#8221;color-206210&#8243;][vc_column_text]<\/p>\n<h2>The life of a collection<\/h2>\n<p>From that point on, it&#8217;s a blast. At the beginning of 1999, I decided to rent a 100 m2 storage room to house the collection. It seemed huge to me; it only took two years for it to overflow. At the call of Robin Chytil, a collaborator at <a href=\"https:\/\/fr.wikipedia.org\/wiki\/Silicon_Graphics\" target=\"_blank\" rel=\"noopener noreferrer\">Silicon Graphics<\/a>, and with the help of the brand new aBCM association &#8220;Les Amis du Mus\u00e9e Bolo&#8221;, I was lucky enough to be able to save a large amount of computers of the prestigious brand when the European production centre in Cortaillod closed down. This is the final blow, more space is needed. My employer at the time, <a href=\"https:\/\/www.elca.ch\/fr\" target=\"_blank\" rel=\"noopener noreferrer\">ELCA Informatique SA<\/a>, generously offered to provide me with a new, larger space on Avenue Ruchonnet in Lausanne.[\/vc_column_text][vc_single_image media=&#8221;905&#8243; caption=&#8221;yes&#8221; media_width_percent=&#8221;100&#8243;][vc_column_text]The hunt for historical computers is on, sometimes in unlikely places. The highest of these is the scientific research station on the Jungfraujoch at 3,450 metres above sea level. These were two Belgian scientists, Ginette Roland and Luc Delbouille, who opened the doors of this wonderful place where, since the 1950s, computers have been used to study solar radiation. The repatriation of a few tons of material by train, across the mountain, was a memorable adventure. This contact also took us to Li\u00e8ge, where we saved the oldest complete computer in the museum, a <a href=\"https:\/\/en.wikipedia.org\/wiki\/HP_2100#Early_models_(1966-1970)\" target=\"_blank\" rel=\"noopener noreferrer\">Hewlett-Packard 2116<\/a> from 1966. As with other trips to Europe to bring back large collections, crossing the border was a bit stressful.<\/p>\n<p>Some donors know the value of what they are offering, others do not. I remember an employee of the <a href=\"https:\/\/www.hug-ge.ch\/\">University Hospitals of Geneva<\/a> who called me one day and told me without much conviction about a blue computer. My blood only goes around, and two hours later the museum has its first <a href=\"https:\/\/fr.wikipedia.org\/wiki\/IMSAI_8080\" target=\"_blank\" rel=\"noopener noreferrer\">IMSAI 8080<\/a>, a rare and emblematic micro-computer from 1975. On the other hand, I spent a whole day in Lyon with the owner of the city&#8217;s first computer shop, which opened in the 1970s. He was really looking to preserve its history and was happy to find an institution capable of doing so.[\/vc_column_text][vc_single_image media=&#8221;911&#8243; caption=&#8221;yes&#8221; media_width_percent=&#8221;100&#8243;][vc_column_text]The schools in the region also have a heritage to save. EPFL, of course: the school has seen many supercomputers and it was within its walls that the Smaky was developed (the micro-computing laboratory, LAMI, was located one floor above the premises now occupied by Mus\u00e9e Bolo). The move of the <a href=\"https:\/\/en.wikipedia.org\/wiki\/Cray-2\" target=\"_blank\" rel=\"noopener noreferrer\">Cray 2<\/a>, weighing two tons, was a great moment. Many historical objects were recovered at the HEIG-VD in Yverdon and our extraordinary <a href=\"https:\/\/en.wikipedia.org\/wiki\/Connection_Machine\" target=\"_blank\" rel=\"noopener noreferrer\">Connection Machine<\/a> comes from the <a href=\"https:\/\/www.unige.ch\/\" target=\"_blank\" rel=\"noopener noreferrer\">University of Geneva<\/a>.[\/vc_column_text][vc_separator sep_color=&#8221;color-206210&#8243;][vc_column_text]<\/p>\n<h2>The meetings<\/h2>\n<p>A collection is not only items, obviously, but also encounters. The first important encounters led to the creation, in 2001, of the Association &#8220;Les Amis du Mus\u00e9e Bolo&#8221;. One of the members of the first committee, Edouard Forler, worked with me to set up the first permanent exhibition at the EPFL. On the initiative of Professor Roger Hersch, who thought it was a shame to have unused space next to his laboratory, we presented the project to the people in charge of the <a href=\"https:\/\/www.epfl.ch\/schools\/ic\/fr\/\" target=\"_blank\" rel=\"noopener noreferrer\">Faculty of Computer Science and Communications<\/a>, who seemed to be absorbed by something else&#8230; It was September 11, 2001. The first Mus\u00e9e Bolo was inaugurated with great fanfare on June 19, 2002.[\/vc_column_text][vc_single_image media=&#8221;906&#8243; caption=&#8221;yes&#8221; media_width_percent=&#8221;100&#8243;][vc_column_text]In 2009, we were invited by Laurent Haug to present some of our machines at the Lift conference in Geneva. An event particularly rich in encounters, since we were able to introduce the Smaky to the &#8220;father&#8221; of the Internet, <a href=\"https:\/\/fr.wikipedia.org\/wiki\/Vint_Cerf\" target=\"_blank\" rel=\"noopener noreferrer\">Vinton Cerf<\/a>, and it was there that we met <a href=\"https:\/\/fr.wikipedia.org\/wiki\/Bruno_Bonnell\" target=\"_blank\" rel=\"noopener noreferrer\">Bruno Bonnell<\/a>, founder of <a href=\"https:\/\/fr.wikipedia.org\/wiki\/Infogrames_Entertainment\" target=\"_blank\" rel=\"noopener noreferrer\">Infogrames<\/a>, for the first time. Later, this pioneer of the French video game industry gave us his fantastic collection of video games, now studied in particular by the <a href=\"https:\/\/wp.unil.ch\/gamelab\/\" target=\"_blank\" rel=\"noopener noreferrer\">UNIL GameLab<\/a>.<\/p>\n<p>For the 20th anniversary of the Web, we had a contact with its co-inventor <a href=\"https:\/\/fr.wikipedia.org\/wiki\/Robert_Cailliau\" target=\"_blank\" rel=\"noopener noreferrer\">Robert Cailliau<\/a>, who needed a special adapter to connect <a href=\"https:\/\/fr.wikipedia.org\/wiki\/Tim_Berners-Lee\" target=\"_blank\" rel=\"noopener noreferrer\">Tim Berners Lee<\/a>&#8216;s historic NeXT Cube to a video projector. The aBCM Association rose to the challenge with flying colours, and was even commissioned by CERN to save the data on the machine&#8217;s hard disk. We were also lucky enough to meet other pioneers such as Charles Blanc, who bought his first computer for EPUL (former name of the EPFL) in 1956, <a href=\"https:\/\/www.museebolo.ch\/le-musee\/historique\/epopee-oubliee-dun-ordinateur-secret-defense\/\">Peter Toth<\/a>, designer of the first commercially available Swiss computer, and <a href=\"https:\/\/fr.wikipedia.org\/wiki\/Niklaus_Wirth\" target=\"_blank\" rel=\"noopener noreferrer\">Niklaus Wirth<\/a>, inventor of the <a href=\"https:\/\/fr.wikipedia.org\/wiki\/Pascal_(langage)\" target=\"_blank\" rel=\"noopener noreferrer\">Pascal<\/a> programming language, who befriended us to become a founding member of the M\u00e9moires Informatiques foundation.<\/p>\n<p>In 2004, I met the first journalist specialized in computing in Switzerland, Marielle Stamm. From then on and for almost 15 years, she worked hard to help Mus\u00e9e Bolo move forward: she was instrumental in setting up the exhibition Programmed Disappearance and co-authored with me the eponymous book.[\/vc_column_text][vc_single_image media=&#8221;907&#8243; caption=&#8221;yes&#8221; media_width_percent=&#8221;100&#8243;][vc_column_text]Entre passionn\u00e9s, on se comprend. Les contacts entre collectionneurs ont \u00e9t\u00e9 multiples et ce d\u00e8s le d\u00e9but de la collection. D\u2019abord du c\u00f4t\u00e9 francophone (Philippe Dubois et <a href=\"https:\/\/mo5.com\/site\/presentation\/\" target=\"_blank\" rel=\"noopener noreferrer\">MO5.COM<\/a>, le Club 8-bit, le forum <a href=\"http:\/\/silicium.org\/site\/\" target=\"_blank\" rel=\"noopener noreferrer\">Silicium<\/a>), puis un peu partout dans le monde et plus r\u00e9cemment avec tous les collectionneurs suisses. Ma rencontre avec Svetozar Nilovi\u0107, directeur du tr\u00e8s dynamique mus\u00e9e <a href=\"http:\/\/www.peekpoke.hr\/welcome\/\" target=\"_blank\" rel=\"noopener noreferrer\">Peek&amp;Poke<\/a> \u00e0 Rijeka, en Croatie, m\u2019a permis de d\u00e9couvrir un pays que je ne connaissais pas, ainsi que l\u2019histoire complexe de la micro-informatique en ex-Yougoslavie.[\/vc_column_text][vc_separator sep_color=&#8221;color-206210&#8243;][vc_column_text]<\/p>\n<h2>The team<\/h2>\n<p>The <a href=\"https:\/\/www.museebolo.ch\/?uncodeblock=association\">Association aBCM<\/a> &#8220;Les Amis du Mus\u00e9e Bolo&#8221; was born in 2001 and has since been always very active. But lately it is the effervescence. Events, various and varied projects, storage and recovery of material for the collection: the team, mostly from the generation born in the 1980&#8217;s and who regularly welcomes new members, has no time to get bored. It meets at least once a week, on Tuesday evenings, but also more and more often during the day and at weekends.[\/vc_column_text][vc_single_image media=&#8221;548&#8243; caption=&#8221;yes&#8221; media_width_percent=&#8221;100&#8243;][vc_column_text]In 2014, when the originals of the first Apple computer were sold at auction for several hundred thousand dollars, the association set out to create a replica. The Pomme One project had started, a project that not only consists of making the copy, but also of many ancillary elements such as a keyboard mounted key by key and a transparent plexiglass case. The team often repairs machines for demonstrations of old equipment in operation: recently, the <a href=\"https:\/\/segaretro.org\/Fish_Life\" target=\"_blank\" rel=\"noopener noreferrer\">Sega Fish Life<\/a> from the Bruno Bonnell Fund, a rare virtual aquarium from the year 2000, was reactivated. Even more impressive is the reactivation of the <a href=\"https:\/\/fr.wikipedia.org\/wiki\/Blue_Gene\" target=\"_blank\" rel=\"noopener noreferrer\">Blue Gene\/P<\/a>, supercomputer, which consumes 25 kW, used at the EPFL until 2013 and donated to the museum by IBM.<\/p>\n<p>In contact with <a href=\"https:\/\/www.logitech.com\/fr-ch\" target=\"_blank\" rel=\"noopener noreferrer\">Logitech<\/a> and its founder Daniel Borel for several years, we were fortunate enough to host a temporary exhibition in 2016 and 2017 to celebrate the 35th anniversary of the Swiss company. The association also collaborates with companies or individuals to recover data from obsolete media, a service that could become a source of income for the future museum. In addition, we regularly receive requests from artists for photos, exhibitions or film projects. One band even used a 1986 <a href=\"https:\/\/fr.wikipedia.org\/wiki\/Macintosh_Plus\" target=\"_blank\" rel=\"noopener noreferrer\">Macintosh Plus<\/a>, configured by us, during a concert.[\/vc_column_text][vc_single_image media=&#8221;551&#8243; caption=&#8221;yes&#8221; media_width_percent=&#8221;100&#8243;][vc_column_text]But the most visible activity of the aBCM association is the organization of events. Historically, it is the Night of the Museums of Lausanne and Pully, at the end of September, which is the flagship event of Mus\u00e9e Bolo. During our first participation, in 2004, we were invited to the &#8220;after party&#8221; in the LEB station in Lausanne: a great moment, when we finished at 4 AM, a little stressed for the equipment at the sight of the last staggering party-goers wishing to play a last game of <a href=\"https:\/\/fr.wikipedia.org\/wiki\/Pong\" target=\"_blank\" rel=\"noopener noreferrer\">Pong<\/a>, beer in hand. We have collaborated several times with the <a href=\"https:\/\/www.mfk.ch\/fr\/home\/\" target=\"_blank\" rel=\"noopener noreferrer\">Museum of Communication in Bern<\/a> and, since 2014, we are participating in the <a href=\"https:\/\/www.numerik-games.ch\/\" target=\"_blank\" rel=\"noopener noreferrer\">Numerik Games<\/a> festival in Yverdon, invited by <a href=\"http:\/\/www.ailleurs.ch\/\" target=\"_blank\" rel=\"noopener noreferrer\">Maison d\u2019Ailleurs<\/a>. We also regularly lend objects to other museums (Historical Museum of Lausanne, Museum of the Hand, Museum of Communication).[\/vc_column_text][vc_separator sep_color=&#8221;color-206210&#8243;][vc_single_image media=&#8221;908&#8243; caption=&#8221;yes&#8221; media_width_percent=&#8221;100&#8243;][vc_column_text]<\/p>\n<h2>Mus\u00e9e Bolo tomorrow<\/h2>\n<p>How far we&#8217;ve come. It&#8217;s quite crazy to imagine myself in 1995, in my student apartment with a dozen computers around me. It&#8217;s real teamwork. I would like to thank all our partners, donors, volunteers and the association aBCM &#8220;Les Amis du Mus\u00e9e Bolo&#8221; for the many projects already realized.<\/p>\n<p>And I am looking forward to building with them a modern, public and interactive museum that will enhance the collections to tell the story of the adventure of the digital society.<\/p>\n<p>Would you like to help us?<br \/>\nThank you! Any form of support is welcome.<\/p>\n<p><em>From Yves Bolognini<\/em>[\/vc_column_text][vc_empty_space empty_h=&#8221;2&#8243;][vc_button button_color=&#8221;color-195201&#8243; radius=&#8221;btn-round&#8221; hover_fx=&#8221;outlined&#8221; outline=&#8221;yes&#8221; border_width=&#8221;1&#8243; display=&#8221;inline&#8221; top_margin=&#8221;yes&#8221; link=&#8221;url:https%3A%2F%2Fwww.museebolo.ch%2Finformation%2Fcontact%2F%3Flang%3Den|title:Contactez-nous!||&#8221; button_color_type=&#8221;uncode-palette&#8221; uncode_shortcode_id=&#8221;267310&#8243;]Contact us![\/vc_button][\/vc_column_inner][vc_column_inner width=&#8221;1\/3&#8243;][vc_widget_sidebar sidebar_id=&#8221;sidebar-115170&#8243;][vc_separator sep_color=&#8221;color-206210&#8243;][\/vc_column_inner][\/vc_row_inner][\/vc_column][\/vc_row][vc_row][vc_column width=&#8221;1\/1&#8243;][uncode_block id=&#8221;746&#8243;][\/vc_column][\/vc_row]<\/p>\n<\/div>","protected":false},"excerpt":{"rendered":"<p>[vc_row][vc_column column_width_percent=&#8221;100&#8243; position_horizontal=&#8221;left&#8221; gutter_size=&#8221;3&#8243; overlay_alpha=&#8221;50&#8243; shift_x=&#8221;0&#8243; shift_y=&#8221;0&#8243; shift_y_down=&#8221;0&#8243; z_index=&#8221;0&#8243; medium_width=&#8221;0&#8243; mobile_width=&#8221;0&#8243; width=&#8221;1\/1&#8243;][vc_custom_heading text_color=&#8221;color-195201&#8243; heading_semantic=&#8221;h1&#8243; text_font=&#8221;font-165139&#8243; text_size=&#8221;h1&#8243; text_weight=&#8221;600&#8243; text_transform=&#8221;uppercase&#8221; separator=&#8221;yes&#8221; separator_color=&#8221;yes&#8221; [&hellip;]<\/p>\n","protected":false},"author":16,"featured_media":0,"parent":7542,"menu_order":0,"comment_status":"closed","ping_status":"closed","template":"","meta":{"footnotes":""},"class_list":["post-7569","page","type-page","status-publish","hentry"],"_links":{"self":[{"href":"https:\/\/www.museebolo.ch\/en\/wp-json\/wp\/v2\/pages\/7569","targetHints":{"allow":["GET"]}}],"collection":[{"href":"https:\/\/www.museebolo.ch\/en\/wp-json\/wp\/v2\/pages"}],"about":[{"href":"https:\/\/www.museebolo.ch\/en\/wp-json\/wp\/v2\/types\/page"}],"author":[{"embeddable":true,"href":"https:\/\/www.museebolo.ch\/en\/wp-json\/wp\/v2\/users\/16"}],"replies":[{"embeddable":true,"href":"https:\/\/www.museebolo.ch\/en\/wp-json\/wp\/v2\/comments?post=7569"}],"version-history":[{"count":6,"href":"https:\/\/www.museebolo.ch\/en\/wp-json\/wp\/v2\/pages\/7569\/revisions"}],"predecessor-version":[{"id":12925,"href":"https:\/\/www.museebolo.ch\/en\/wp-json\/wp\/v2\/pages\/7569\/revisions\/12925"}],"up":[{"embeddable":true,"href":"https:\/\/www.museebolo.ch\/en\/wp-json\/wp\/v2\/pages\/7542"}],"wp:attachment":[{"href":"https:\/\/www.museebolo.ch\/en\/wp-json\/wp\/v2\/media?parent=7569"}],"curies":[{"name":"wp","href":"https:\/\/api.w.org\/{rel}","templated":true}]}}