{"id":7580,"date":"2020-07-02T22:33:16","date_gmt":"2020-07-02T20:33:16","guid":{"rendered":"https:\/\/www.museebolo.ch\/?page_id=7580"},"modified":"2026-03-16T16:56:03","modified_gmt":"2026-03-16T15:56:03","slug":"press-media","status":"publish","type":"page","link":"https:\/\/www.museebolo.ch\/en\/information\/press-media\/","title":{"rendered":"Press &#038; Media"},"content":{"rendered":"<div class=\"wpb-content-wrapper\"><p>[vc_row][vc_column width=&#8221;1\/1&#8243;][vc_custom_heading text_color=&#8221;color-195201&#8243; heading_semantic=&#8221;h1&#8243; text_font=&#8221;font-165139&#8243; text_size=&#8221;h1&#8243; text_weight=&#8221;600&#8243; text_transform=&#8221;uppercase&#8221; separator_color=&#8221;yes&#8221; separator=&#8221;yes&#8221; el_class=&#8221;T_Lead&#8221;]Press &amp; Media[\/vc_custom_heading][\/vc_column][\/vc_row][vc_row row_height_percent=&#8221;0&#8243; overlay_alpha=&#8221;50&#8243; gutter_size=&#8221;3&#8243; column_width_percent=&#8221;100&#8243; shift_y=&#8221;0&#8243; z_index=&#8221;0&#8243;][vc_column column_width_percent=&#8221;90&#8243; position_horizontal=&#8221;left&#8221; gutter_size=&#8221;3&#8243; overlay_alpha=&#8221;50&#8243; shift_x=&#8221;0&#8243; shift_y=&#8221;0&#8243; shift_y_down=&#8221;0&#8243; z_index=&#8221;0&#8243; medium_width=&#8221;0&#8243; mobile_width=&#8221;0&#8243; width=&#8221;2\/3&#8243; uncode_shortcode_id=&#8221;110821&#8243;][vc_custom_heading sub_reduced=&#8221;yes&#8221; subheading=&#8221;S\u00e9lection d&#8217;articles et de reportages&#8221;]Press review[\/vc_custom_heading][vc_row_inner limit_content=&#8221;&#8221;][vc_column_inner column_width_percent=&#8221;100&#8243; position_horizontal=&#8221;left&#8221; gutter_size=&#8221;3&#8243; overlay_alpha=&#8221;50&#8243; shift_x=&#8221;0&#8243; shift_y=&#8221;0&#8243; shift_y_down=&#8221;0&#8243; z_index=&#8221;0&#8243; medium_width=&#8221;0&#8243; mobile_width=&#8221;0&#8243; width=&#8221;1\/1&#8243; uncode_shortcode_id=&#8221;595984&#8243;][vc_separator sep_color=&#8221;color-206210&#8243;][vc_custom_heading heading_semantic=&#8221;h4&#8243; text_size=&#8221;h4&#8243;]Le handicap \u00e0 l\u2019\u00e8re du num\u00e9rique sort de l\u2019ombre &#8211; 24 Heures[\/vc_custom_heading][vc_column_text css=&#8221;.vc_custom_1603810261580{margin-top: 0px !important;margin-bottom: 0px !important;}&#8221;]16.03.2020<\/p>\n<p>Comment utiliser l\u2019informatique quand on est sourd, aveugle ou sans mobilit\u00e9? Une expo l\u00e8ve le voile sur une r\u00e9alit\u00e9 m\u00e9connue.<br \/>\n<em>Chlo\u00e9 Banerjee-Din<\/em>[\/vc_column_text][vc_icon position=&#8221;right&#8221; icon=&#8221;fa fa-eye4&#8243; icon_color=&#8221;color-195201&#8243; link=&#8221;url:https%3A%2F%2Fwww.museebolo.ch%2Fwp-content%2Fuploads%2F2020%2F10%2FPage_9_24heures_REGION_2020-03-16.pdf|title:24%20Heures|target:_blank&#8221;]<a href=\"https:\/\/www.museebolo.ch\/wp-content\/uploads\/2020\/10\/Page_9_24heures_REGION_2020-03-16.pdf\" target=\"_blank\" rel=\"noopener noreferrer\">Voir l&#8217;article<\/a>[\/vc_icon][vc_separator sep_color=&#8221;color-206210&#8243;][vc_custom_heading heading_semantic=&#8221;h4&#8243; text_size=&#8221;h4&#8243;]Les arch\u00e9ologues 2.0 font revivre le patrimoine virtuel &#8211; 24 Heures[\/vc_custom_heading][vc_column_text css=&#8221;.vc_custom_1575797693352{margin-top: 0px !important;margin-bottom: 0px !important;}&#8221;]18.11.2019<\/p>\n<p>Le Mus\u00e9e Bolo, \u00e0 l&#8217;EPFL, ne fait pas que conserver les vieux ordinateurs. Depuis peu, il pr\u00e9serve aussi les logiciels rares.[\/vc_column_text][vc_icon position=&#8221;right&#8221; icon=&#8221;fa fa-eye4&#8243; icon_color=&#8221;color-195201&#8243; link=&#8221;url:https%3A%2F%2Fwww.museebolo.ch%2Fwp-content%2Fuploads%2F2019%2F12%2FMusee_Bolo_24heures_REGION_2019-11-18.pdf|title:24%20Heures|target:_blank&#8221;]<a href=\"https:\/\/www.museebolo.ch\/wp-content\/uploads\/2019\/12\/Musee_Bolo_24heures_REGION_2019-11-18.pdf\" target=\"_blank\" rel=\"noopener noreferrer\">Voir l&#8217;article<\/a>[\/vc_icon][vc_separator sep_color=&#8221;color-206210&#8243;][vc_custom_heading heading_semantic=&#8221;h4&#8243; text_size=&#8221;h4&#8243;]SEGA Fish Life &#8211; RTS Radio T\u00e9l\u00e9vision Suisse &#8211; Couleur 3[\/vc_custom_heading][vc_column_text css=&#8221;.vc_custom_1561565296890{margin-top: 0px !important;margin-bottom: 0px !important;}&#8221;]01.06.2019<\/p>\n<p>L\u02b9association du Mus\u00e9e Bolo exhume et documente Fish Life: Un aquarium virtuel sorti par SEGA en 2000. Interview de Robin Fran\u00e7ois, ing\u00e9nieur sp\u00e9cialiste en s\u00e9curit\u00e9 informatique et secr\u00e9taire de l\u02b9Association <em>Les Amis du Mus\u00e9e Bolo.<\/em>[\/vc_column_text][vc_icon position=&#8221;right&#8221; icon=&#8221;fa fa-camera-video&#8221; icon_color=&#8221;color-195201&#8243; link=&#8221;url:https%3A%2F%2Fwww.rts.ch%2Fplay%2Fradio%2Fpoint-barre%2Faudio%2Finterview-robin-franois&#8211;fish-life-lovni-de-sega%3Fid%3D10458969|title:SEGA%20Fish%20Life|target:%20_blank|&#8221;]<a href=\"https:\/\/www.rts.ch\/play\/radio\/point-barre\/audio\/interview-robin-franois--fish-life-lovni-de-sega?id=10458969\" target=\"_blank\" rel=\"noopener noreferrer\">Voir l&#8217;interview<\/a><\/p>\n<p><a href=\"https:\/\/segafish.museebolo.ch\/\" target=\"_blank\" rel=\"noopener noreferrer\">Voir le site web: segafish.museebolo.ch<\/a>[\/vc_icon][\/vc_column_inner][\/vc_row_inner][vc_row_inner limit_content=&#8221;&#8221;][vc_column_inner column_width_percent=&#8221;100&#8243; position_horizontal=&#8221;left&#8221; gutter_size=&#8221;3&#8243; overlay_alpha=&#8221;50&#8243; shift_x=&#8221;0&#8243; shift_y=&#8221;0&#8243; shift_y_down=&#8221;0&#8243; z_index=&#8221;0&#8243; medium_width=&#8221;0&#8243; mobile_width=&#8221;0&#8243; width=&#8221;1\/1&#8243; uncode_shortcode_id=&#8221;672765&#8243;][vc_separator sep_color=&#8221;color-206210&#8243;][vc_custom_heading heading_semantic=&#8221;h4&#8243; text_size=&#8221;h4&#8243;]Projet Bussigny &#8211; La libert\u00e9[\/vc_custom_heading][vc_column_text css=&#8221;.vc_custom_1561571348486{margin-top: 0px !important;margin-bottom: 0px !important;}&#8221;]23.09.2018<\/p>\n<p>Le Mus\u00e9e Bolo n&#8217;ira pas \u00e0 Bussigny (VD).[\/vc_column_text][vc_icon position=&#8221;right&#8221; icon=&#8221;fa fa-eye4&#8243; icon_color=&#8221;color-195201&#8243; link=&#8221;url:https%3A%2F%2Fwww.laliberte.ch%2Fnews-agence%2Fdetail%2Fle-musee-bolo-n-ira-pas-a-bussigny-vd%2F456069|title:La%20Libert%C3%A9|target:%20_blank|&#8221;]<a href=\"https:\/\/www.laliberte.ch\/news-agence\/detail\/le-musee-bolo-n-ira-pas-a-bussigny-vd\/456069\" target=\"_blank\" rel=\"noopener noreferrer\">Voir l&#8217;article<\/a>[\/vc_icon][vc_separator sep_color=&#8221;color-206210&#8243;][vc_custom_heading heading_semantic=&#8221;h4&#8243; text_size=&#8221;h4&#8243;]Projet Bussigny &#8211; RFJ[\/vc_custom_heading][vc_column_text css=&#8221;.vc_custom_1561571355992{margin-top: 0px !important;margin-bottom: 0px !important;}&#8221;]19.09.2018<\/p>\n<p>Les Bussignolais d\u00e9cident dimanche 23 septembre 2018 par r\u00e9f\u00e9rendum s&#8217;ils veulent d&#8217;un complexe culturel qui accueillera le Mus\u00e9e Bolo d\u00e9di\u00e9 au num\u00e9rique. Pour ses partisans, il animera un nouveau quartier en construction. Les opposants craignent les incidences financi\u00e8res du projet.[\/vc_column_text][vc_icon position=&#8221;right&#8221; icon=&#8221;fa fa-eye4&#8243; icon_color=&#8221;color-195201&#8243; link=&#8221;url:https%3A%2F%2Fwww.rfj.ch%2Frfj%2FActualite%2FSuisse%2FBussigny-VD-dira-dimanche-si-elle-veut-du-Musee-Bolo.html|title:RFJ|target:%20_blank|&#8221;]<a href=\"https:\/\/www.rfj.ch\/rfj\/Actualite\/Suisse\/Bussigny-VD-dira-dimanche-si-elle-veut-du-Musee-Bolo.html\" target=\"_blank\" rel=\"noopener noreferrer\">Voir l&#8217;article<\/a>[\/vc_icon][vc_separator sep_color=&#8221;color-206210&#8243;][vc_custom_heading heading_semantic=&#8221;h4&#8243; text_size=&#8221;h4&#8243;]Le blog de Yves Bolognini &#8211; Le Temps[\/vc_custom_heading][vc_column_text css=&#8221;.vc_custom_1561571417359{margin-top: 0px !important;margin-bottom: 0px !important;}&#8221;]12.07.2018<\/p>\n<p>Histoires num\u00e9riques &#8211; Le blog de Yves Bolognini.[\/vc_column_text][vc_icon position=&#8221;right&#8221; icon=&#8221;fa fa-eye4&#8243; icon_color=&#8221;color-195201&#8243; link=&#8221;url:https%3A%2F%2Fblogs.letemps.ch%2Fyves-bolognini%2F2018%2F07%2F12%2Fsouvenirs-et-perspectives-du-musee-bolo%2F|title:Le%20Temps%20-%20Blog|target:%20_blank|&#8221;]<a href=\"https:\/\/blogs.letemps.ch\/yves-bolognini\/2018\/07\/12\/souvenirs-et-perspectives-du-musee-bolo\/\" target=\"_blank\" rel=\"noopener noreferrer\">Voir le blog<\/a>[\/vc_icon][vc_separator sep_color=&#8221;color-206210&#8243;][vc_custom_heading heading_semantic=&#8221;h4&#8243; text_size=&#8221;h4&#8243;]Projet Bussigny &#8211; Tribune de Gen\u00e8ve[\/vc_custom_heading][vc_column_text css=&#8221;.vc_custom_1561623191118{margin-top: 0px !important;margin-bottom: 0px !important;}&#8221;]17.02.2017<\/p>\n<p>Un projet de centre &#8220;mus\u00e9o-culturel&#8221; offre un espoir \u00e0 la collection de vieux ordinateurs dont l\u2019existence est menac\u00e9e.[\/vc_column_text][vc_icon position=&#8221;right&#8221; icon=&#8221;fa fa-eye4&#8243; icon_color=&#8221;color-195201&#8243; link=&#8221;url:https%3A%2F%2Fwww.tdg.ch%2Fculture%2Fmusee-bolo-pourrait-rebondir-bussigny%2Fstory%2F23671336|title:Tribune%20de%20Gen%C3%A8ve|target:%20_blank|&#8221;]<a href=\"https:\/\/www.tdg.ch\/culture\/musee-bolo-pourrait-rebondir-bussigny\/story\/23671336\" target=\"_blank\" rel=\"noopener noreferrer\">Voir l&#8217;article<\/a>[\/vc_icon][\/vc_column_inner][\/vc_row_inner][vc_row_inner limit_content=&#8221;&#8221;][vc_column_inner column_width_percent=&#8221;100&#8243; position_horizontal=&#8221;left&#8221; gutter_size=&#8221;3&#8243; overlay_alpha=&#8221;50&#8243; shift_x=&#8221;0&#8243; shift_y=&#8221;0&#8243; shift_y_down=&#8221;0&#8243; z_index=&#8221;0&#8243; medium_width=&#8221;0&#8243; mobile_width=&#8221;0&#8243; width=&#8221;1\/1&#8243; uncode_shortcode_id=&#8221;105510&#8243;][vc_separator sep_color=&#8221;color-206210&#8243;][vc_custom_heading heading_semantic=&#8221;h4&#8243; text_size=&#8221;h4&#8243;]Crowdfunding 2017 &#8211; 24 Heures[\/vc_custom_heading][vc_column_text css=&#8221;.vc_custom_1561571364580{margin-top: 0px !important;margin-bottom: 0px !important;}&#8221;]03.07.2017<\/p>\n<p>Le Mus\u00e9e Bolo sauv\u00e9 gr\u00e2ce au crowdfunding. In extremis, une campagne de r\u00e9colte de dons a permis au mus\u00e9e des vieux ordinateurs de voir venir encore deux ans sur le site de l\u2019EPFL.[\/vc_column_text][vc_icon position=&#8221;right&#8221; icon=&#8221;fa fa-eye4&#8243; icon_color=&#8221;color-195201&#8243; link=&#8221;url:https%3A%2F%2Fwww.24heures.ch%2Fvaud-regions%2Flausanne-region%2FLe-Musee-Bolo-sauve-grce-au-crowdfunding%2Fstory%2F17226255|title:24%20Heures%20crowdfunding|target:%20_blank|&#8221;]<a href=\"https:\/\/www.24heures.ch\/vaud-regions\/lausanne-region\/Le-Musee-Bolo-sauve-grce-au-crowdfunding\/story\/17226255\" target=\"_blank\" rel=\"noopener noreferrer\">Voir l&#8217;article<\/a>[\/vc_icon][vc_separator sep_color=&#8221;color-206210&#8243;][vc_custom_heading heading_semantic=&#8221;h4&#8243; text_size=&#8221;h4&#8243;]Crowdfunding 2017 &#8211; RTS Radio T\u00e9l\u00e9vision Suisse[\/vc_custom_heading][vc_column_text css=&#8221;.vc_custom_1561571463916{margin-top: 0px !important;margin-bottom: 0px !important;}&#8221;]21.06.2017<\/p>\n<p>A Lausanne, le Mus\u00e9e Bolo lance un appel \u00e0 l\u2019aide. Un v\u00e9ritable tr\u00e9sor du monde num\u00e9rique o\u00f9 s\u2019entrem\u00ealent plus de 5&#8217;000 ordinateurs et consoles, 8&#8217;000 logiciels et pr\u00e8s de 15&#8217;000 livres et magazines. On trouve dans la collection des pi\u00e8ces rares comme les premiers ordinateurs Smaky suisses.[\/vc_column_text][vc_icon position=&#8221;right&#8221; icon=&#8221;fa fa-eye4&#8243; icon_color=&#8221;color-195201&#8243; link=&#8221;url:https%3A%2F%2Fwww.rts.ch%2Finfo%2Fculture%2Farts-visuels%2F8722140-a-lausanne-le-musee-bolo-lance-un-appel-a-l-aide.html|title:RTS%20crowdfunding|target:%20_blank|&#8221;]<a href=\"https:\/\/www.rts.ch\/info\/culture\/arts-visuels\/8722140-a-lausanne-le-musee-bolo-lance-un-appel-a-l-aide.html\" target=\"_blank\" rel=\"noopener noreferrer\">Voir l&#8217;article<\/a>[\/vc_icon][vc_separator sep_color=&#8221;color-206210&#8243;][vc_custom_heading heading_semantic=&#8221;h4&#8243; text_size=&#8221;h4&#8243;]Crowdfunding 2017 &#8211; Le Temps[\/vc_custom_heading][vc_column_text css=&#8221;.vc_custom_1561571372984{margin-top: 0px !important;margin-bottom: 0px !important;}&#8221;]16.05.2017<\/p>\n<p>A Lausanne, le Mus\u00e9e Bolo appelle \u00e0 l\u2019aide. Pour stocker plus de 5000 ordinateurs et consoles de jeux anciens, le mus\u00e9e doit trouver 200\u2009000 francs, dont 40\u2009000 francs d\u2019ici au 30 juin 2017.[\/vc_column_text][vc_icon position=&#8221;right&#8221; icon=&#8221;fa fa-eye4&#8243; icon_color=&#8221;color-195201&#8243; link=&#8221;url:https%3A%2F%2Fwww.letemps.ch%2Fculture%2Flausanne-musee-bolo-appelle-laide|title:Le%20Temps%20crowdfunding|target:%20_blank|&#8221;]<a href=\"https:\/\/www.letemps.ch\/culture\/lausanne-musee-bolo-appelle-laide\" target=\"_blank\" rel=\"noopener noreferrer\">Voir l&#8217;article<\/a>[\/vc_icon][\/vc_column_inner][\/vc_row_inner][vc_row_inner limit_content=&#8221;&#8221;][vc_column_inner column_width_percent=&#8221;100&#8243; position_horizontal=&#8221;left&#8221; gutter_size=&#8221;3&#8243; overlay_alpha=&#8221;50&#8243; shift_x=&#8221;0&#8243; shift_y=&#8221;0&#8243; shift_y_down=&#8221;0&#8243; z_index=&#8221;0&#8243; medium_width=&#8221;0&#8243; mobile_width=&#8221;0&#8243; width=&#8221;1\/1&#8243; uncode_shortcode_id=&#8221;201239&#8243;][vc_separator sep_color=&#8221;color-206210&#8243;][vc_custom_heading heading_semantic=&#8221;h4&#8243; text_size=&#8221;h4&#8243;]Smaky &#8211; La C\u00f4te[\/vc_custom_heading][vc_column_text css=&#8221;.vc_custom_1561565389743{margin-top: 0px !important;margin-bottom: 0px !important;}&#8221;]23.08.2016<\/p>\n<p>Le Macintosh avait son concurrent vaudois: le Smaky. Le Mus\u00e9e Bolo va accueillir les vingt mod\u00e8les et prototypes de cet ordinateur des ann\u00e9es 70. Cr\u00e9\u00e9 par Jean-Daniel Nicoud et d\u00e9velopp\u00e9 au cours des ann\u00e9es 1970, le Smaky a concurrenc\u00e9 \u00e0 l&#8217;\u00e9poque le Macintosh d&#8217;Apple dans les \u00e9coles romandes.[\/vc_column_text][vc_icon position=&#8221;right&#8221; icon=&#8221;fa fa-eye4&#8243; icon_color=&#8221;color-195201&#8243; link=&#8221;url:https%3A%2F%2Fwww.lacote.ch%2Farticles%2Fregions%2Fvaud%2Finformatique-romande-tous-les-ordinateurs-smaky-exposes-au-musee-bolo-a-l-epfl-570813|title:Smaky|target:%20_blank|&#8221;]<a href=\"https:\/\/www.lacote.ch\/articles\/regions\/vaud\/informatique-romande-tous-les-ordinateurs-smaky-exposes-au-musee-bolo-a-l-epfl-570813\" target=\"_blank\" rel=\"noopener noreferrer\">Voir l&#8217;article<\/a><\/p>\n<p><a href=\"https:\/\/www.smaky.ch\" target=\"_blank\" rel=\"noopener noreferrer\">Voir le site web: www.smaky.ch<\/a>[\/vc_icon][\/vc_column_inner][\/vc_row_inner][vc_row_inner limit_content=&#8221;&#8221;][vc_column_inner column_width_percent=&#8221;100&#8243; position_horizontal=&#8221;left&#8221; gutter_size=&#8221;3&#8243; overlay_alpha=&#8221;50&#8243; shift_x=&#8221;0&#8243; shift_y=&#8221;0&#8243; shift_y_down=&#8221;0&#8243; z_index=&#8221;0&#8243; medium_width=&#8221;0&#8243; mobile_width=&#8221;0&#8243; width=&#8221;1\/1&#8243; uncode_shortcode_id=&#8221;661082&#8243;][vc_separator sep_color=&#8221;color-206210&#8243;][vc_custom_heading heading_semantic=&#8221;h4&#8243; text_size=&#8221;h4&#8243;]Pomme One &#8211; Mac4Ever[\/vc_custom_heading][vc_column_text css=&#8221;.vc_custom_1561571382055{margin-top: 0px !important;margin-bottom: 0px !important;}&#8221;]04.11.2015<\/p>\n<p>Des petits g\u00e9nies de l&#8217;\u00e9lectronique et de l&#8217;informatique ont cr\u00e9\u00e9 une r\u00e9plique d&#8217;un Apple I, le premier ordinateur de Steve Wozniak et de Steve Jobs, \u00e0 l&#8217;origine de la saga Apple.[\/vc_column_text][vc_icon position=&#8221;right&#8221; icon=&#8221;fa fa-camera-video&#8221; icon_color=&#8221;color-195201&#8243; link=&#8221;url:https%3A%2F%2Fwww.youtube.com%2Fwatch%3Fv%3DDelX3s769-A|title:Mac4Ever|target:%20_blank|&#8221;]<a href=\"https:\/\/www.youtube.com\/watch?v=DelX3s769-A\" target=\"_blank\" rel=\"noopener noreferrer\">Voir le reportage<\/a>[\/vc_icon][vc_separator sep_color=&#8221;color-206210&#8243;][vc_custom_heading heading_semantic=&#8221;h4&#8243; text_size=&#8221;h4&#8243;]Pomme One &#8211; RTS Radio T\u00e9l\u00e9vision Suisse[\/vc_custom_heading][vc_column_text css=&#8221;.vc_custom_1561565852267{margin-top: 0px !important;margin-bottom: 0px !important;}&#8221;]26.09.2015<\/p>\n<p>Le mus\u00e9e Bolo \u00e0 Lausanne a reproduit le mythique Apple\u00a0I. Il s\u2019agit du tout premier ordinateur Apple. Construit en 1976, ce mod\u00e8le avait popularis\u00e9 l\u2019informatique.[\/vc_column_text][vc_icon position=&#8221;right&#8221; icon=&#8221;fa fa-camera-video&#8221; icon_color=&#8221;color-195201&#8243; link=&#8221;url:https%3A%2F%2Fwww.rts.ch%2Fplay%2Ftv%2F19h30%2Fvideo%2Fvd-le-musee-bolo-a-lausanne-a-reproduit-le-mythique-apple-one%3Fid%3D7118599|title:Pomme%20One%20RTS|target:%20_blank|&#8221;]<a href=\"https:\/\/www.rts.ch\/play\/tv\/19h30\/video\/vd-le-musee-bolo-a-lausanne-a-reproduit-le-mythique-apple-one?id=7118599\" target=\"_blank\" rel=\"noopener noreferrer\">Voir le reportage<\/a>[\/vc_icon][vc_separator sep_color=&#8221;color-206210&#8243;][vc_custom_heading heading_semantic=&#8221;h4&#8243; text_size=&#8221;h4&#8243;]Pomme One &#8211; Le Temps[\/vc_custom_heading][vc_column_text css=&#8221;.vc_custom_1561565438841{margin-top: 0px !important;margin-bottom: 0px !important;}&#8221;]25.09.2015<\/p>\n<p>Apple One, star vintage de la Nuit des mus\u00e9es.[\/vc_column_text][vc_icon position=&#8221;right&#8221; icon=&#8221;fa fa-camera-video&#8221; icon_color=&#8221;color-195201&#8243; link=&#8221;url:https%3A%2F%2Fwww.youtube.com%2Fwatch%3Ftime_continue%3D156%26v%3DsQlfw9QEDsM|title:Voir%20le%20reportage|target:%20_blank|&#8221;]<a href=\"https:\/\/www.youtube.com\/watch?time_continue=156&amp;v=sQlfw9QEDsM\" target=\"_blank\" rel=\"noopener noreferrer\">Voir le reportage<\/a>[\/vc_icon][vc_separator sep_color=&#8221;color-206210&#8243;][vc_custom_heading heading_semantic=&#8221;h4&#8243; text_size=&#8221;h4&#8243;]Pomme One &#8211; Le Nouvelliste[\/vc_custom_heading][vc_column_text css=&#8221;.vc_custom_1561566063049{margin-top: 0px !important;margin-bottom: 0px !important;}&#8221;]18.09.2015<\/p>\n<p>Le 26 septembre 2015, le Mus\u00e9e Bolo \u00e0 l\u2019EPFL pr\u00e9sentera &#8220;Pomme One&#8221;, une r\u00e9plique fabriqu\u00e9e sur place du premier ordinateur produit par Apple. Des centaines d\u2019heures de travail ont \u00e9t\u00e9 n\u00e9cessaires.[\/vc_column_text][vc_icon position=&#8221;right&#8221; icon=&#8221;fa fa-eye4&#8243; icon_color=&#8221;color-195201&#8243; link=&#8221;url:https%3A%2F%2Fwww.lenouvelliste.ch%2Farticles%2Flifestyle%2Ftechno-et-sciences%2Fmusee-bolo-a-decouvrir-pomme-one-replique-du-premier-ordi-d-apple-434984|title:Le%20Nouvelliste|target:%20_blank|&#8221;]<a href=\"https:\/\/www.lenouvelliste.ch\/articles\/lifestyle\/techno-et-sciences\/musee-bolo-a-decouvrir-pomme-one-replique-du-premier-ordi-d-apple-434984\" target=\"_blank\" rel=\"noopener noreferrer\">Voir l&#8217;article<\/a>[\/vc_icon][\/vc_column_inner][\/vc_row_inner][\/vc_column][vc_column column_width_percent=&#8221;100&#8243; gutter_size=&#8221;3&#8243; back_color=&#8221;color-206210&#8243; overlay_alpha=&#8221;50&#8243; shift_x=&#8221;0&#8243; shift_y=&#8221;0&#8243; shift_y_down=&#8221;0&#8243; z_index=&#8221;0&#8243; medium_width=&#8221;0&#8243; mobile_width=&#8221;0&#8243; width=&#8221;1\/3&#8243; uncode_shortcode_id=&#8221;129451&#8243; back_color_type=&#8221;uncode-palette&#8221;][vc_custom_heading]<\/p>\n<h2>Press contact<\/h2>\n<p>[\/vc_custom_heading][vc_row_inner limit_content=&#8221;&#8221;][vc_column_inner column_width_percent=&#8221;100&#8243; position_horizontal=&#8221;left&#8221; gutter_size=&#8221;3&#8243; overlay_alpha=&#8221;50&#8243; shift_x=&#8221;0&#8243; shift_y=&#8221;0&#8243; shift_y_down=&#8221;0&#8243; z_index=&#8221;0&#8243; medium_width=&#8221;0&#8243; mobile_width=&#8221;0&#8243; width=&#8221;1\/1&#8243; uncode_shortcode_id=&#8221;108749&#8243;][vc_icon position=&#8221;right&#8221; icon=&#8221;fa fa-envelope3&#8243; icon_color=&#8221;color-195201&#8243; link=&#8221;url:mailto%3Acedric.gaudin%40museebolo.ch|title:Contacter|target:_blank&#8221; uncode_shortcode_id=&#8221;133296&#8243; icon_color_type=&#8221;uncode-palette&#8221;]C\u00e9dric Gaudin<br \/>\nT +41 79 423 13 45<\/p>\n<p><a href=\"mailto:cedric.gaudin@museebolo.ch\" target=\"_blank\" rel=\"noopener noreferrer\">Send un message<\/a><\/p>\n<p>[\/vc_icon][\/vc_column_inner][\/vc_row_inner][vc_separator sep_color=&#8221;color-206210&#8243;][vc_custom_heading]<\/p>\n<h2>Press releases<\/h2>\n<p>[\/vc_custom_heading][vc_row_inner limit_content=&#8221;&#8221;][vc_column_inner column_width_percent=&#8221;100&#8243; position_horizontal=&#8221;left&#8221; gutter_size=&#8221;3&#8243; overlay_alpha=&#8221;50&#8243; shift_x=&#8221;0&#8243; shift_y=&#8221;0&#8243; shift_y_down=&#8221;0&#8243; z_index=&#8221;0&#8243; medium_width=&#8221;0&#8243; mobile_width=&#8221;0&#8243; width=&#8221;1\/1&#8243; uncode_shortcode_id=&#8221;464651&#8243;][vc_icon position=&#8221;right&#8221; icon=&#8221;fa fa-download5&#8243; icon_color=&#8221;color-195201&#8243; link=&#8221;url:https%3A%2F%2Fdrive.google.com%2Ffile%2Fd%2F18Q9-_65C_FtdfbPy0wArzgAa9B7ic6BW%2Fview%3Fusp%3Dsharing|title:Reboot%20du%20Mus%C3%A9e%20Bolo%20(PDF)|target:_blank&#8221;]30.10.2020<br \/>\n<a href=\"https:\/\/drive.google.com\/file\/d\/18Q9-_65C_FtdfbPy0wArzgAa9B7ic6BW\/view?usp=sharing\" target=\"_blank\" rel=\"noopener noreferrer\">Reboot of Mus\u00e9e Bolo (ZIP)<\/a><\/p>\n<p>&nbsp;<\/p>\n<p>[\/vc_icon][vc_icon position=&#8221;right&#8221; icon=&#8221;fa fa-download5&#8243; icon_color=&#8221;color-195201&#8243; link=&#8221;url:https%3A%2F%2Fwww.museebolo.ch%2Fwp-content%2Fuploads%2F2020%2F10%2Fgobolo-pressrelease-20170515.pdf|title:SOS%20Mus%C3%A9e%20Bolo%20(PDF)|target:_blank&#8221;]15.05.2017<br \/>\n<a href=\"https:\/\/www.museebolo.ch\/wp-content\/uploads\/2020\/10\/gobolo-pressrelease-20170515.pdf\" target=\"_blank\" rel=\"noopener noreferrer\">SOS Mus\u00e9e Bolo (PDF)<\/a><\/p>\n<p>&nbsp;<\/p>\n<p>&nbsp;<\/p>\n<p>[\/vc_icon][\/vc_column_inner][\/vc_row_inner][\/vc_column][\/vc_row][vc_row][vc_column width=&#8221;1\/1&#8243;][uncode_block id=&#8221;6150&#8243;][\/vc_column][\/vc_row]<\/p>\n<\/div>","protected":false},"excerpt":{"rendered":"<p>[vc_row][vc_column width=&#8221;1\/1&#8243;][vc_custom_heading text_color=&#8221;color-195201&#8243; heading_semantic=&#8221;h1&#8243; text_font=&#8221;font-165139&#8243; text_size=&#8221;h1&#8243; text_weight=&#8221;600&#8243; text_transform=&#8221;uppercase&#8221; separator_color=&#8221;yes&#8221; separator=&#8221;yes&#8221; el_class=&#8221;T_Lead&#8221;]Press &amp; Media[\/vc_custom_heading][\/vc_column][\/vc_row][vc_row row_height_percent=&#8221;0&#8243; overlay_alpha=&#8221;50&#8243; gutter_size=&#8221;3&#8243; column_width_percent=&#8221;100&#8243; shift_y=&#8221;0&#8243; z_index=&#8221;0&#8243;][vc_column column_width_percent=&#8221;90&#8243; [&hellip;]<\/p>\n","protected":false},"author":16,"featured_media":7581,"parent":7450,"menu_order":0,"comment_status":"closed","ping_status":"closed","template":"","meta":{"footnotes":""},"class_list":["post-7580","page","type-page","status-publish","has-post-thumbnail","hentry"],"_links":{"self":[{"href":"https:\/\/www.museebolo.ch\/en\/wp-json\/wp\/v2\/pages\/7580","targetHints":{"allow":["GET"]}}],"collection":[{"href":"https:\/\/www.museebolo.ch\/en\/wp-json\/wp\/v2\/pages"}],"about":[{"href":"https:\/\/www.museebolo.ch\/en\/wp-json\/wp\/v2\/types\/page"}],"author":[{"embeddable":true,"href":"https:\/\/www.museebolo.ch\/en\/wp-json\/wp\/v2\/users\/16"}],"replies":[{"embeddable":true,"href":"https:\/\/www.museebolo.ch\/en\/wp-json\/wp\/v2\/comments?post=7580"}],"version-history":[{"count":19,"href":"https:\/\/www.museebolo.ch\/en\/wp-json\/wp\/v2\/pages\/7580\/revisions"}],"predecessor-version":[{"id":18324,"href":"https:\/\/www.museebolo.ch\/en\/wp-json\/wp\/v2\/pages\/7580\/revisions\/18324"}],"up":[{"embeddable":true,"href":"https:\/\/www.museebolo.ch\/en\/wp-json\/wp\/v2\/pages\/7450"}],"wp:featuredmedia":[{"embeddable":true,"href":"https:\/\/www.museebolo.ch\/en\/wp-json\/wp\/v2\/media\/7581"}],"wp:attachment":[{"href":"https:\/\/www.museebolo.ch\/en\/wp-json\/wp\/v2\/media?parent=7580"}],"curies":[{"name":"wp","href":"https:\/\/api.w.org\/{rel}","templated":true}]}}